{"id":460,"date":"2025-04-08T12:04:01","date_gmt":"2025-04-08T11:04:01","guid":{"rendered":"https:\/\/devreg.eu\/?page_id=460"},"modified":"2025-12-17T10:38:25","modified_gmt":"2025-12-17T09:38:25","slug":"ensayos-de-campo","status":"publish","type":"page","link":"https:\/\/devreg.eu\/es\/ensayos-de-campo\/","title":{"rendered":"Ensayos de campo"},"content":{"rendered":"\t\t<div data-elementor-type=\"wp-page\" data-elementor-id=\"460\" class=\"elementor elementor-460\">\n\t\t\t\t<div class=\"elementor-element elementor-element-670ce52 e-flex e-con-boxed e-con e-parent\" data-id=\"670ce52\" data-element_type=\"container\">\n\t\t\t\t\t<div class=\"e-con-inner\">\n\t\t\t\t<div class=\"elementor-element elementor-element-ad4d2b9 elementor-widget elementor-widget-text-editor\" data-id=\"ad4d2b9\" data-element_type=\"widget\" data-widget_type=\"text-editor.default\">\n\t\t\t\t<div class=\"elementor-widget-container\">\n\t\t\t\t\t\t\t\t\t<p>Los servicios de desarrollo de DEVREG se centran en la gesti\u00f3n y el seguimiento de programas de desarrollo en Europa, en colaboraci\u00f3n con diferentes organismos y laboratorios, para proporcionar un paquete de datos de eficacia para el registro de fitosanitarios en Europa.<\/p><p>En este trabajo, DEVREG se propone, en coordinaci\u00f3n con el promotor o fabricante, preparar planes de estudio, localizaci\u00f3n de \u00e1reas de ensayo y gestionar los estudios en colaboraci\u00f3n con organismos seleccionados, para obtener los datos requeridos a tiempo seg\u00fan las necesidades del promotor para el registro de sus productos fitosanitarios.<\/p><p><span style=\"font-size: 15px;\"><\/span><\/p>\t\t\t\t\t\t\t\t<\/div>\n\t\t\t\t<\/div>\n\t\t<div class=\"elementor-element elementor-element-9fafd94 e-grid e-con-full e-con e-child\" data-id=\"9fafd94\" data-element_type=\"container\">\n\t\t\t\t<div class=\"elementor-element elementor-element-5aaef24 elementor-widget elementor-widget-text-editor\" data-id=\"5aaef24\" data-element_type=\"widget\" data-widget_type=\"text-editor.default\">\n\t\t\t\t<div class=\"elementor-widget-container\">\n\t\t\t\t\t\t\t\t\t<p>En 2011, DEVREG obtuvo la acreditaci\u00f3n para realizar ensayos oficialmente reconocidos en Espa\u00f1a (EOR 73\/11), y durante este per\u00edodo DEVREG est\u00e1 trabajando para desarrollar y establecer sus instalaciones de ensayos de campo con un equipo especializado, con una formaci\u00f3n continua sobre nuevos procedimientos en el desarrollo de pesticidas, uso de equipos espec\u00edficos seg\u00fan los cultivos a manejar (siembra, aplicaciones de pulverizaci\u00f3n, espolvoreo, gr\u00e1nulos, postcosecha, etc.) para proporcionar un trabajo de alta calidad a los clientes en eficacia (incluyendo screening preliminares, dosis m\u00ednima efectiva y respuesta a la dosis), selectividad sobre el cultivo (incluyendo evaluaciones de rendimiento cuantitativas y cualitativas) y procesado (fase de campo) con fungicidas, insecticidas, acaricidas, herbicidas, reguladores del crecimiento, t\u00e9cnicas de confusi\u00f3n sexual, trampeo masivo, as\u00ed como tambi\u00e9n bioestimulantes, microorganismos y productos biol\u00f3gicos.<br \/><\/p>\t\t\t\t\t\t\t\t<\/div>\n\t\t\t\t<\/div>\n\t\t\t\t<div class=\"elementor-element elementor-element-f27cb25 elementor-widget elementor-widget-image\" data-id=\"f27cb25\" data-element_type=\"widget\" data-widget_type=\"image.default\">\n\t\t\t\t<div class=\"elementor-widget-container\">\n\t\t\t\t\t\t\t\t\t\t\t\t\t\t\t<img fetchpriority=\"high\" decoding=\"async\" width=\"243\" height=\"286\" src=\"https:\/\/devreg.eu\/wp-content\/uploads\/2025\/12\/image001.png\" class=\"attachment-medium size-medium wp-image-1450\" alt=\"Imagen Ensayos de campo\" \/>\t\t\t\t\t\t\t\t\t\t\t\t\t\t\t<\/div>\n\t\t\t\t<\/div>\n\t\t\t\t<\/div>\n\t\t\t\t<div class=\"elementor-element elementor-element-ff76f26 elementor-widget elementor-widget-text-editor\" data-id=\"ff76f26\" data-element_type=\"widget\" data-widget_type=\"text-editor.default\">\n\t\t\t\t<div class=\"elementor-widget-container\">\n\t\t\t\t\t\t\t\t\t\n<h2><strong>\u00c1mbito de cultivos<\/strong><\/h2>\n<ul>\n \t<li>Cultivos extensivos, incluyendo cereales de invierno y primavera (trigo, cebada, triticale, avena, centeno), ma\u00edz, girasol, sorgo, guisantes, habas, jud\u00edas, cebolla, etc.<\/li>\n \t<li><span style=\"font-size: 15px;\">Cultivos industriales, como alfalfa, veza.<\/span><\/li>\n \t<li>Patatas.<\/li>\n \t<li>Plantaciones frutales, incluyendo manzanos, perales, melocotones, nectarinas, cerezas, ciruelas, albaricoques, c\u00edtricos, almendras, avellanas, etc.<\/li>\n \t<li>Vid.<\/li>\n \t<li>Olivos.<\/li>\n \t<li><span style=\"font-size: 15px;\">Cultivos hort\u00edcolas (aire libre e invernaderos), incluyendo tomates, berenjenas, pimientos, cucurbit\u00e1ceas, hortalizas brassica, fresas, etc.<\/span><\/li>\n \t<li>Tratamientos de semillas.<\/li>\n \t<li>Aplicaciones en postcosecha, mediante drencher, inmersi\u00f3n, inyecciones de gases (CO2, etileno\u2026) sobre frutas y hortalizas.<\/li>\n<\/ul>\n\t\t\t\t\t\t\t\t<\/div>\n\t\t\t\t<\/div>\n\t\t\t\t\t<\/div>\n\t\t\t\t<\/div>\n\t\t<div class=\"elementor-element elementor-element-7ce085e e-flex e-con-boxed e-con e-parent\" data-id=\"7ce085e\" data-element_type=\"container\">\n\t\t\t\t\t<div class=\"e-con-inner\">\n\t\t<div class=\"elementor-element elementor-element-f502e83 e-con-full e-flex e-con e-child\" data-id=\"f502e83\" data-element_type=\"container\">\n\t\t\t\t<div class=\"elementor-element elementor-element-1e81ed7 elementor-widget elementor-widget-image\" data-id=\"1e81ed7\" data-element_type=\"widget\" data-widget_type=\"image.default\">\n\t\t\t\t<div class=\"elementor-widget-container\">\n\t\t\t\t\t\t\t\t\t\t\t\t\t\t\t<img decoding=\"async\" width=\"600\" height=\"345\" src=\"https:\/\/devreg.eu\/wp-content\/uploads\/2025\/04\/imatge1.jpg\" class=\"attachment-large size-large wp-image-481\" alt=\"\u00c1rboles en bancal\" srcset=\"https:\/\/devreg.eu\/wp-content\/uploads\/2025\/04\/imatge1.jpg 600w, https:\/\/devreg.eu\/wp-content\/uploads\/2025\/04\/imatge1-300x173.jpg 300w\" sizes=\"(max-width: 600px) 100vw, 600px\" \/>\t\t\t\t\t\t\t\t\t\t\t\t\t\t\t<\/div>\n\t\t\t\t<\/div>\n\t\t\t\t<\/div>\n\t\t<div class=\"elementor-element elementor-element-bb08126 e-con-full e-flex e-con e-child\" data-id=\"bb08126\" data-element_type=\"container\">\n\t\t\t\t<div class=\"elementor-element elementor-element-1a8860f elementor-widget elementor-widget-image\" data-id=\"1a8860f\" data-element_type=\"widget\" data-widget_type=\"image.default\">\n\t\t\t\t<div class=\"elementor-widget-container\">\n\t\t\t\t\t\t\t\t\t\t\t\t\t\t\t<img decoding=\"async\" width=\"600\" height=\"345\" src=\"https:\/\/devreg.eu\/wp-content\/uploads\/2025\/04\/imatge2.jpg\" class=\"attachment-large size-large wp-image-482\" alt=\"Fresas con hojas\" srcset=\"https:\/\/devreg.eu\/wp-content\/uploads\/2025\/04\/imatge2.jpg 600w, https:\/\/devreg.eu\/wp-content\/uploads\/2025\/04\/imatge2-300x173.jpg 300w\" sizes=\"(max-width: 600px) 100vw, 600px\" \/>\t\t\t\t\t\t\t\t\t\t\t\t\t\t\t<\/div>\n\t\t\t\t<\/div>\n\t\t\t\t<\/div>\n\t\t\t\t\t<\/div>\n\t\t\t\t<\/div>\n\t\t<div class=\"elementor-element elementor-element-60fcded e-flex e-con-boxed e-con e-parent\" data-id=\"60fcded\" data-element_type=\"container\">\n\t\t\t\t\t<div class=\"e-con-inner\">\n\t\t\t\t<div class=\"elementor-element elementor-element-ca0e56a elementor-widget elementor-widget-text-editor\" data-id=\"ca0e56a\" data-element_type=\"widget\" data-widget_type=\"text-editor.default\">\n\t\t\t\t<div class=\"elementor-widget-container\">\n\t\t\t\t\t\t\t\t\t<h2><strong>Nuestra experiencia<\/strong><\/h2>\n<ul>\n \t<li>Insecticidas y acaricidas<\/li>\n \t<li>Insecticidas biol\u00f3gicos<\/li>\n \t<li>Fungicidas<\/li>\n \t<li>Fungicidas biol\u00f3gicos<\/li>\n \t<li>Microorganismos<\/li>\n \t<li>Herbicidas<\/li>\n \t<li>Productos de confusi\u00f3n exual (feromonas, kairomonas, etc.)<\/li>\n \t<li>Productos de atracci\u00f3n y muerte (trampas, trampeo masivo, atrayentes)<\/li>\n \t<li>Adyuvantes<\/li>\n \t<li>Reguladores de crecimiento y de maduraci\u00f3n de frutos, etc.<\/li>\n \t<li>Bioestimulantes<\/li>\n \t<li>Fertilizantes<\/li>\n \t<li>Residuos (no BPL)<\/li>\n \t<li>Ensayos varietales<\/li>\n \t<li>Ensayos en postcosecha (fungicidas, reguladores de crecimiento)<\/li>\n \t<li>Tratamientos de semillas<\/li>\n<\/ul>\n<\/li>\n<\/ul>\t\t\t\t\t\t\t\t<\/div>\n\t\t\t\t<\/div>\n\t\t\t\t<div class=\"elementor-element elementor-element-88e3a7e elementor-widget elementor-widget-image\" data-id=\"88e3a7e\" data-element_type=\"widget\" data-widget_type=\"image.default\">\n\t\t\t\t<div class=\"elementor-widget-container\">\n\t\t\t\t\t\t\t\t\t\t\t\t\t\t\t<img loading=\"lazy\" decoding=\"async\" width=\"600\" height=\"345\" src=\"https:\/\/devreg.eu\/wp-content\/uploads\/2025\/04\/imatge3.jpg\" class=\"attachment-full size-full wp-image-487\" alt=\"Prado verde\" srcset=\"https:\/\/devreg.eu\/wp-content\/uploads\/2025\/04\/imatge3.jpg 600w, https:\/\/devreg.eu\/wp-content\/uploads\/2025\/04\/imatge3-300x173.jpg 300w\" sizes=\"(max-width: 600px) 100vw, 600px\" \/>\t\t\t\t\t\t\t\t\t\t\t\t\t\t\t<\/div>\n\t\t\t\t<\/div>\n\t\t\t\t<div class=\"elementor-element elementor-element-05870cf elementor-widget elementor-widget-text-editor\" data-id=\"05870cf\" data-element_type=\"widget\" data-widget_type=\"text-editor.default\">\n\t\t\t\t<div class=\"elementor-widget-container\">\n\t\t\t\t\t\t\t\t\t<h2>Nuestras localizaciones<\/h2>\nDEVREG proporciona sus servicios t\u00e9cnicos con el apoyo de su propio personal de campo y colaboradores externos basados \u200b\u200ben \u00e1reas clave de cultivo\n\t\t\t\t\t\t\t\t<\/div>\n\t\t\t\t<\/div>\n\t\t\t\t\t<\/div>\n\t\t\t\t<\/div>\n\t\t\t\t<\/div>\n\t\t","protected":false},"excerpt":{"rendered":"<p>Los servicios de desarrollo de DEVREG se centran en la gesti\u00f3n y el seguimiento de programas de desarrollo en Europa, en colaboraci\u00f3n con diferentes organismos y laboratorios, para proporcionar un paquete de datos de eficacia para el registro de fitosanitarios en Europa. En este trabajo, DEVREG se propone, en coordinaci\u00f3n con el promotor o fabricante, [&hellip;]<\/p>\n","protected":false},"author":1,"featured_media":0,"parent":0,"menu_order":0,"comment_status":"closed","ping_status":"closed","template":"","meta":{"ocean_post_layout":"full-width","ocean_both_sidebars_style":"","ocean_both_sidebars_content_width":0,"ocean_both_sidebars_sidebars_width":0,"ocean_sidebar":"0","ocean_second_sidebar":"0","ocean_disable_margins":"enable","ocean_add_body_class":"","ocean_shortcode_before_top_bar":"","ocean_shortcode_after_top_bar":"","ocean_shortcode_before_header":"","ocean_shortcode_after_header":"","ocean_has_shortcode":"","ocean_shortcode_after_title":"","ocean_shortcode_before_footer_widgets":"","ocean_shortcode_after_footer_widgets":"","ocean_shortcode_before_footer_bottom":"","ocean_shortcode_after_footer_bottom":"","ocean_display_top_bar":"default","ocean_display_header":"default","ocean_header_style":"","ocean_center_header_left_menu":"0","ocean_custom_header_template":"0","ocean_custom_logo":0,"ocean_custom_retina_logo":0,"ocean_custom_logo_max_width":0,"ocean_custom_logo_tablet_max_width":0,"ocean_custom_logo_mobile_max_width":0,"ocean_custom_logo_max_height":0,"ocean_custom_logo_tablet_max_height":0,"ocean_custom_logo_mobile_max_height":0,"ocean_header_custom_menu":"0","ocean_menu_typo_font_family":"0","ocean_menu_typo_font_subset":"","ocean_menu_typo_font_size":0,"ocean_menu_typo_font_size_tablet":0,"ocean_menu_typo_font_size_mobile":0,"ocean_menu_typo_font_size_unit":"px","ocean_menu_typo_font_weight":"","ocean_menu_typo_font_weight_tablet":"","ocean_menu_typo_font_weight_mobile":"","ocean_menu_typo_transform":"","ocean_menu_typo_transform_tablet":"","ocean_menu_typo_transform_mobile":"","ocean_menu_typo_line_height":0,"ocean_menu_typo_line_height_tablet":0,"ocean_menu_typo_line_height_mobile":0,"ocean_menu_typo_line_height_unit":"","ocean_menu_typo_spacing":0,"ocean_menu_typo_spacing_tablet":0,"ocean_menu_typo_spacing_mobile":0,"ocean_menu_typo_spacing_unit":"","ocean_menu_link_color":"","ocean_menu_link_color_hover":"","ocean_menu_link_color_active":"","ocean_menu_link_background":"","ocean_menu_link_hover_background":"","ocean_menu_link_active_background":"","ocean_menu_social_links_bg":"","ocean_menu_social_hover_links_bg":"","ocean_menu_social_links_color":"","ocean_menu_social_hover_links_color":"","ocean_disable_title":"default","ocean_disable_heading":"default","ocean_post_title":"","ocean_post_subheading":"","ocean_post_title_style":"","ocean_post_title_background_color":"","ocean_post_title_background":0,"ocean_post_title_bg_image_position":"","ocean_post_title_bg_image_attachment":"","ocean_post_title_bg_image_repeat":"","ocean_post_title_bg_image_size":"","ocean_post_title_height":0,"ocean_post_title_bg_overlay":0.5,"ocean_post_title_bg_overlay_color":"","ocean_disable_breadcrumbs":"default","ocean_breadcrumbs_color":"","ocean_breadcrumbs_separator_color":"","ocean_breadcrumbs_links_color":"","ocean_breadcrumbs_links_hover_color":"","ocean_display_footer_widgets":"default","ocean_display_footer_bottom":"default","ocean_custom_footer_template":"0","footnotes":""},"class_list":["post-460","page","type-page","status-publish","hentry","entry"],"_links":{"self":[{"href":"https:\/\/devreg.eu\/es\/wp-json\/wp\/v2\/pages\/460","targetHints":{"allow":["GET"]}}],"collection":[{"href":"https:\/\/devreg.eu\/es\/wp-json\/wp\/v2\/pages"}],"about":[{"href":"https:\/\/devreg.eu\/es\/wp-json\/wp\/v2\/types\/page"}],"author":[{"embeddable":true,"href":"https:\/\/devreg.eu\/es\/wp-json\/wp\/v2\/users\/1"}],"replies":[{"embeddable":true,"href":"https:\/\/devreg.eu\/es\/wp-json\/wp\/v2\/comments?post=460"}],"version-history":[{"count":90,"href":"https:\/\/devreg.eu\/es\/wp-json\/wp\/v2\/pages\/460\/revisions"}],"predecessor-version":[{"id":1605,"href":"https:\/\/devreg.eu\/es\/wp-json\/wp\/v2\/pages\/460\/revisions\/1605"}],"wp:attachment":[{"href":"https:\/\/devreg.eu\/es\/wp-json\/wp\/v2\/media?parent=460"}],"curies":[{"name":"wp","href":"https:\/\/api.w.org\/{rel}","templated":true}]}}