{"id":1616,"date":"2026-04-09T09:52:53","date_gmt":"2026-04-09T07:52:53","guid":{"rendered":"https:\/\/devreg.eu\/?page_id=1616"},"modified":"2026-04-09T10:11:35","modified_gmt":"2026-04-09T08:11:35","slug":"consultoria-tecnica-en-productos-fitosanitarios-en-lleida","status":"publish","type":"page","link":"https:\/\/devreg.eu\/es\/consultoria-tecnica-en-productos-fitosanitarios-en-lleida\/","title":{"rendered":"Consultor\u00eda t\u00e9cnica en productos fitosanitarios en Lleida"},"content":{"rendered":"\t\t<div data-elementor-type=\"wp-page\" data-elementor-id=\"1616\" class=\"elementor elementor-1616\">\n\t\t\t\t<div class=\"elementor-element elementor-element-488d7843 e-flex e-con-boxed e-con e-parent\" data-id=\"488d7843\" data-element_type=\"container\">\n\t\t\t\t\t<div class=\"e-con-inner\">\n\t\t\t\t<div class=\"elementor-element elementor-element-7b267ebc elementor-widget elementor-widget-text-editor\" data-id=\"7b267ebc\" data-element_type=\"widget\" data-widget_type=\"text-editor.default\">\n\t\t\t\t<div class=\"elementor-widget-container\">\n\t\t\t\t\t\t\t\t\t<p><\/p><section class=\"text-token-text-primary w-full focus:outline-none [--shadow-height:45px] has-data-writing-block:pointer-events-none has-data-writing-block:-mt-(--shadow-height) has-data-writing-block:pt-(--shadow-height) [&amp;:has([data-writing-block])&gt;*]:pointer-events-auto scroll-mt-(--header-height)\" dir=\"auto\" data-turn-id=\"44d78cd0-fef8-429f-b5c7-fdf8e17a64b0\" data-testid=\"conversation-turn-9\" data-scroll-anchor=\"false\" data-turn=\"user\"><\/section><section class=\"text-token-text-primary w-full focus:outline-none [--shadow-height:45px] has-data-writing-block:pointer-events-none has-data-writing-block:-mt-(--shadow-height) has-data-writing-block:pt-(--shadow-height) [&amp;:has([data-writing-block])&gt;*]:pointer-events-auto scroll-mt-[calc(var(--header-height)+min(200px,max(70px,20svh)))]\" dir=\"auto\" data-turn-id=\"request-WEB:37a4cc1f-2541-42fe-9e67-2ad8acd49564-4\" data-testid=\"conversation-turn-10\" data-scroll-anchor=\"true\" data-turn=\"assistant\"><div class=\"text-base my-auto mx-auto pb-10 [--thread-content-margin:var(--thread-content-margin-xs,calc(var(--spacing)*4))] @w-sm\/main:[--thread-content-margin:var(--thread-content-margin-sm,calc(var(--spacing)*6))] @w-lg\/main:[--thread-content-margin:var(--thread-content-margin-lg,calc(var(--spacing)*16))] px-(--thread-content-margin)\"><div class=\"[--thread-content-max-width:40rem] @w-lg\/main:[--thread-content-max-width:48rem] mx-auto max-w-(--thread-content-max-width) flex-1 group\/turn-messages focus-visible:outline-hidden relative flex w-full min-w-0 flex-col agent-turn\"><div class=\"flex max-w-full flex-col gap-4 grow\"><div class=\"min-h-8 text-message relative flex w-full flex-col items-end gap-2 text-start break-words whitespace-normal outline-none keyboard-focused:focus-ring [.text-message+&amp;]:mt-1\" dir=\"auto\" tabindex=\"0\" data-message-author-role=\"assistant\" data-message-id=\"9076ef00-bd21-4795-89d9-a2b81d619b7d\" data-message-model-slug=\"gpt-5-3\" data-turn-start-message=\"true\"><div class=\"flex w-full flex-col gap-1 empty:hidden\"><div class=\"markdown prose dark:prose-invert w-full wrap-break-word light markdown-new-styling\"><h2 data-section-id=\"s0tntt\" data-start=\"0\" data-end=\"59\">Asesoramiento especializado en sanidad vegetal en Lleida<\/h2><p data-start=\"0\" data-end=\"583\" data-is-last-node=\"\" data-is-only-node=\"\">En <strong>Devreg<\/strong> somos una empresa especializada en <strong>consultor\u00eda t\u00e9cnico-regulatoria en el \u00e1mbito agr\u00edcola<\/strong>, centrada en el <strong>desarrollo, evaluaci\u00f3n y registro de productos fitosanitarios, biocidas y fertilizantes<\/strong>. Trabajamos con un enfoque basado en el rigor cient\u00edfico y el cumplimiento normativo, ofreciendo un servicio integral que abarca desde la planificaci\u00f3n y coordinaci\u00f3n de ensayos de campo hasta la elaboraci\u00f3n y gesti\u00f3n de expedientes regulatorios. Acompa\u00f1amos a nuestros clientes en todo el proceso para garantizar soluciones seguras, eficaces y alineadas con la normativa europea. A continuaci\u00f3n, te dejamos una serie de razones por las que contar con nosotros si buscas <strong>Consultor\u00eda t\u00e9cnica en productos fitosanitarios en Lleida<\/strong>:<\/p><div class=\"flex flex-col text-sm pb-25\"><section class=\"text-token-text-primary w-full focus:outline-none [--shadow-height:45px] has-data-writing-block:pointer-events-none has-data-writing-block:-mt-(--shadow-height) has-data-writing-block:pt-(--shadow-height) [&amp;:has([data-writing-block])&gt;*]:pointer-events-auto scroll-mt-[calc(var(--header-height)+min(200px,max(70px,20svh)))]\" dir=\"auto\" data-turn-id=\"request-WEB:37a4cc1f-2541-42fe-9e67-2ad8acd49564-6\" data-testid=\"conversation-turn-14\" data-scroll-anchor=\"true\" data-turn=\"assistant\"><div class=\"text-base my-auto mx-auto pb-10 [--thread-content-margin:var(--thread-content-margin-xs,calc(var(--spacing)*4))] @w-sm\/main:[--thread-content-margin:var(--thread-content-margin-sm,calc(var(--spacing)*6))] @w-lg\/main:[--thread-content-margin:var(--thread-content-margin-lg,calc(var(--spacing)*16))] px-(--thread-content-margin)\"><div class=\"[--thread-content-max-width:40rem] @w-lg\/main:[--thread-content-max-width:48rem] mx-auto max-w-(--thread-content-max-width) flex-1 group\/turn-messages focus-visible:outline-hidden relative flex w-full min-w-0 flex-col agent-turn\"><div class=\"flex max-w-full flex-col gap-4 grow\"><div class=\"min-h-8 text-message relative flex w-full flex-col items-end gap-2 text-start break-words whitespace-normal outline-none keyboard-focused:focus-ring [.text-message+&amp;]:mt-1\" dir=\"auto\" tabindex=\"0\" data-message-author-role=\"assistant\" data-message-id=\"65252ce2-6631-47f6-bba6-010609a2cad1\" data-message-model-slug=\"gpt-5-3\" data-turn-start-message=\"true\"><div class=\"flex w-full flex-col gap-1 empty:hidden\"><div class=\"markdown prose dark:prose-invert w-full wrap-break-word light markdown-new-styling\"><h3 data-section-id=\"qht159\" data-start=\"61\" data-end=\"115\">Conocimiento avanzado en normativa fitosanitaria<\/h3><p data-start=\"116\" data-end=\"413\">Dominamos la legislaci\u00f3n vigente a nivel nacional y europeo en materia de productos fitosanitarios, lo que nos permite ofrecer un asesoramiento seguro y actualizado. Interpretamos los requisitos regulatorios con precisi\u00f3n para evitar errores. Facilitamos el cumplimiento en cada etapa del proceso.<\/p><h3 data-section-id=\"e4tevs\" data-start=\"415\" data-end=\"467\">Selecci\u00f3n eficiente y estrat\u00e9gica de productos<\/h3><p data-start=\"468\" data-end=\"737\">Analizamos cada cultivo, plaga o enfermedad para recomendar el producto fitosanitario m\u00e1s adecuado en cada situaci\u00f3n. Priorizamos la eficacia, la seguridad y la sostenibilidad en cada decisi\u00f3n. Esto se traduce en mejores resultados y un uso responsable de los recursos.<\/p><h3 data-section-id=\"6g8j1y\" data-start=\"739\" data-end=\"779\">Soporte t\u00e9cnico continuo y cercano<\/h3><p data-start=\"780\" data-end=\"1020\">Ofrecemos acompa\u00f1amiento constante para resolver dudas, incidencias o ajustes en la estrategia fitosanitaria. Nuestro enfoque es pr\u00e1ctico, accesible y orientado a resultados reales en campo. Nos implicamos en cada caso como si fuera propio.<\/p><h3 data-section-id=\"1re9mga\" data-start=\"1022\" data-end=\"1071\">Optimizaci\u00f3n de tratamientos y aplicaciones<\/h3><p data-start=\"1072\" data-end=\"1317\">Dise\u00f1amos programas de tratamiento ajustados a las necesidades reales del cultivo y del entorno. Buscamos maximizar la eficacia minimizando costes y riesgos. Esto permite una gesti\u00f3n m\u00e1s eficiente y sostenible de los tratamientos fitosanitarios.<\/p><h3 data-section-id=\"ieotdx\" data-start=\"1319\" data-end=\"1369\">Enfoque basado en sostenibilidad y seguridad<\/h3><p data-start=\"1370\" data-end=\"1648\" data-is-last-node=\"\" data-is-only-node=\"\">Trabajamos con criterios que priorizan la protecci\u00f3n del medio ambiente, la salud de las personas y la calidad de los cultivos. Promovemos pr\u00e1cticas responsables alineadas con la agricultura moderna. Nuestro objetivo es lograr un equilibrio entre productividad y sostenibilidad.<\/p><\/div><\/div><\/div><\/div><\/div><\/div><\/section><\/div><p data-start=\"0\" data-end=\"583\" data-is-last-node=\"\" data-is-only-node=\"\">Si est\u00e1s interesado en <strong>Consultor\u00eda t\u00e9cnica en productos fitosanitarios en Lleida<\/strong>, no dudes en ponerte en contacto con nosotros:<\/p><\/div><\/div><\/div><\/div><\/div><\/div><\/section><p><\/p>\t\t\t\t\t\t\t\t<\/div>\n\t\t\t\t<\/div>\n\t\t\t\t\t<\/div>\n\t\t\t\t<\/div>\n\t\t<div class=\"elementor-element elementor-element-292e0e7 e-flex e-con-boxed e-con e-parent\" data-id=\"292e0e7\" data-element_type=\"container\">\n\t\t\t\t\t<div class=\"e-con-inner\">\n\t\t<div class=\"elementor-element elementor-element-747b412 e-con-full e-flex e-con e-child\" data-id=\"747b412\" data-element_type=\"container\">\n\t\t<div class=\"elementor-element elementor-element-0eaafc7 e-con-full e-flex e-con e-child\" data-id=\"0eaafc7\" data-element_type=\"container\">\n\t\t<div class=\"elementor-element elementor-element-d9496b8 e-con-full e-flex e-con e-child\" data-id=\"d9496b8\" data-element_type=\"container\">\n\t\t\t\t<div class=\"elementor-element elementor-element-05f0048 elementor-position-left elementor-view-default elementor-mobile-position-top elementor-widget elementor-widget-icon-box\" data-id=\"05f0048\" data-element_type=\"widget\" data-widget_type=\"icon-box.default\">\n\t\t\t\t<div class=\"elementor-widget-container\">\n\t\t\t\t\t\t\t<div class=\"elementor-icon-box-wrapper\">\n\n\t\t\t\t\t\t<div class=\"elementor-icon-box-icon\">\n\t\t\t\t<a href=\"mailto:info@devreg.net\u200b\" class=\"elementor-icon\" tabindex=\"-1\" aria-label=\"Email\">\n\t\t\t\t<svg aria-hidden=\"true\" class=\"e-font-icon-svg e-fas-envelope\" viewBox=\"0 0 512 512\" xmlns=\"http:\/\/www.w3.org\/2000\/svg\"><path d=\"M502.3 190.8c3.9-3.1 9.7-.2 9.7 4.7V400c0 26.5-21.5 48-48 48H48c-26.5 0-48-21.5-48-48V195.6c0-5 5.7-7.8 9.7-4.7 22.4 17.4 52.1 39.5 154.1 113.6 21.1 15.4 56.7 47.8 92.2 47.6 35.7.3 72-32.8 92.3-47.6 102-74.1 131.6-96.3 154-113.7zM256 320c23.2.4 56.6-29.2 73.4-41.4 132.7-96.3 142.8-104.7 173.4-128.7 5.8-4.5 9.2-11.5 9.2-18.9v-19c0-26.5-21.5-48-48-48H48C21.5 64 0 85.5 0 112v19c0 7.4 3.4 14.3 9.2 18.9 30.6 23.9 40.7 32.4 173.4 128.7 16.8 12.2 50.2 41.8 73.4 41.4z\"><\/path><\/svg>\t\t\t\t<\/a>\n\t\t\t<\/div>\n\t\t\t\n\t\t\t\t\t\t<div class=\"elementor-icon-box-content\">\n\n\t\t\t\t\t\t\t\t\t<h2 class=\"elementor-icon-box-title\">\n\t\t\t\t\t\t<a href=\"mailto:info@devreg.net\u200b\" >\n\t\t\t\t\t\t\tEmail\t\t\t\t\t\t<\/a>\n\t\t\t\t\t<\/h2>\n\t\t\t\t\n\t\t\t\t\t\t\t\t\t<p class=\"elementor-icon-box-description\">\n\t\t\t\t\t\t<a href=\"mailto:info@devreg.net\">info@devreg.net<\/a>\t\t\t\t\t<\/p>\n\t\t\t\t\n\t\t\t<\/div>\n\t\t\t\n\t\t<\/div>\n\t\t\t\t\t\t<\/div>\n\t\t\t\t<\/div>\n\t\t\t\t<div class=\"elementor-element elementor-element-a1406b2 elementor-position-left elementor-view-default elementor-mobile-position-top elementor-widget elementor-widget-icon-box\" data-id=\"a1406b2\" data-element_type=\"widget\" data-widget_type=\"icon-box.default\">\n\t\t\t\t<div class=\"elementor-widget-container\">\n\t\t\t\t\t\t\t<div class=\"elementor-icon-box-wrapper\">\n\n\t\t\t\t\t\t<div class=\"elementor-icon-box-icon\">\n\t\t\t\t<span  class=\"elementor-icon\">\n\t\t\t\t<svg aria-hidden=\"true\" class=\"e-font-icon-svg e-fas-mobile\" viewBox=\"0 0 320 512\" xmlns=\"http:\/\/www.w3.org\/2000\/svg\"><path d=\"M272 0H48C21.5 0 0 21.5 0 48v416c0 26.5 21.5 48 48 48h224c26.5 0 48-21.5 48-48V48c0-26.5-21.5-48-48-48zM160 480c-17.7 0-32-14.3-32-32s14.3-32 32-32 32 14.3 32 32-14.3 32-32 32z\"><\/path><\/svg>\t\t\t\t<\/span>\n\t\t\t<\/div>\n\t\t\t\n\t\t\t\t\t\t<div class=\"elementor-icon-box-content\">\n\n\t\t\t\t\t\t\t\t\t<h2 class=\"elementor-icon-box-title\">\n\t\t\t\t\t\t<span  >\n\t\t\t\t\t\t\tTel\u00e9fono\t\t\t\t\t\t<\/span>\n\t\t\t\t\t<\/h2>\n\t\t\t\t\n\t\t\t\t\t\t\t\t\t<p class=\"elementor-icon-box-description\">\n\t\t\t\t\t\t+34 973 447 673\t\t\t\t\t<\/p>\n\t\t\t\t\n\t\t\t<\/div>\n\t\t\t\n\t\t<\/div>\n\t\t\t\t\t\t<\/div>\n\t\t\t\t<\/div>\n\t\t\t\t<div class=\"elementor-element elementor-element-d158ba9 elementor-position-left elementor-view-default elementor-mobile-position-top elementor-widget elementor-widget-icon-box\" data-id=\"d158ba9\" data-element_type=\"widget\" data-widget_type=\"icon-box.default\">\n\t\t\t\t<div class=\"elementor-widget-container\">\n\t\t\t\t\t\t\t<div class=\"elementor-icon-box-wrapper\">\n\n\t\t\t\t\t\t<div class=\"elementor-icon-box-icon\">\n\t\t\t\t<a href=\"https:\/\/maps.app.goo.gl\/JvFLDRhJiNzrY2P58\" target=\"_blank\" class=\"elementor-icon\" tabindex=\"-1\" aria-label=\"Direcci\u00f3n\">\n\t\t\t\t<svg aria-hidden=\"true\" class=\"e-font-icon-svg e-fas-map\" viewBox=\"0 0 576 512\" xmlns=\"http:\/\/www.w3.org\/2000\/svg\"><path d=\"M0 117.66v346.32c0 11.32 11.43 19.06 21.94 14.86L160 416V32L20.12 87.95A32.006 32.006 0 0 0 0 117.66zM192 416l192 64V96L192 32v384zM554.06 33.16L416 96v384l139.88-55.95A31.996 31.996 0 0 0 576 394.34V48.02c0-11.32-11.43-19.06-21.94-14.86z\"><\/path><\/svg>\t\t\t\t<\/a>\n\t\t\t<\/div>\n\t\t\t\n\t\t\t\t\t\t<div class=\"elementor-icon-box-content\">\n\n\t\t\t\t\t\t\t\t\t<h2 class=\"elementor-icon-box-title\">\n\t\t\t\t\t\t<a href=\"https:\/\/maps.app.goo.gl\/JvFLDRhJiNzrY2P58\" target=\"_blank\" >\n\t\t\t\t\t\t\tDirecci\u00f3n\t\t\t\t\t\t<\/a>\n\t\t\t\t\t<\/h2>\n\t\t\t\t\n\t\t\t\t\t\t\t\t\t<p class=\"elementor-icon-box-description\">\n\t\t\t\t\t\t<a href=\"https:\/\/maps.app.goo.gl\/JvFLDRhJiNzrY2P58\" target=\"blank\">c\/Carrer de Sant Llu\u00eds, 127<br>25600 Balaguer<br>LLEIDA<\/a>\t\t\t\t\t<\/p>\n\t\t\t\t\n\t\t\t<\/div>\n\t\t\t\n\t\t<\/div>\n\t\t\t\t\t\t<\/div>\n\t\t\t\t<\/div>\n\t\t\t\t<\/div>\n\t\t\t\t<\/div>\n\t\t<div class=\"elementor-element elementor-element-b5b33ef e-con-full e-flex e-con e-child\" data-id=\"b5b33ef\" data-element_type=\"container\">\n\t\t\t\t<div class=\"elementor-element elementor-element-8733efc elementor-widget elementor-widget-html\" data-id=\"8733efc\" data-element_type=\"widget\" data-widget_type=\"html.default\">\n\t\t\t\t<div class=\"elementor-widget-container\">\n\t\t\t\t\t<iframe src=\"https:\/\/www.google.com\/maps\/embed?pb=!1m18!1m12!1m3!1d2974.9674995390706!2d0.8054591122028794!3d41.78591407113214!2m3!1f0!2f0!3f0!3m2!1i1024!2i768!4f13.1!3m3!1m2!1s0x12a6f1bd0332f09b%3A0x413b5529a70b91f8!2sCarrer%20de%20Sant%20Llu%C3%ADs%2C%20127%2C%2025600%20Balaguer%2C%20Lleida!5e0!3m2!1ses!2ses!4v1764783730903!5m2!1ses!2ses\" width=\"620\" height=\"500\" style=\"border:0;\" allowfullscreen=\"\" loading=\"lazy\" referrerpolicy=\"no-referrer-when-downgrade\"><\/iframe>\n\t\t\t\t<\/div>\n\t\t\t\t<\/div>\n\t\t\t\t<\/div>\n\t\t\t\t<\/div>\n\t\t\t\t\t<\/div>\n\t\t\t\t<\/div>\n\t\t\t\t<\/div>\n\t\t","protected":false},"excerpt":{"rendered":"<p>Asesoramiento especializado en sanidad vegetal en Lleida En Devreg somos una empresa especializada en consultor\u00eda t\u00e9cnico-regulatoria en el \u00e1mbito agr\u00edcola, centrada en el desarrollo, evaluaci\u00f3n y registro de productos fitosanitarios, biocidas y fertilizantes. Trabajamos con un enfoque basado en el rigor cient\u00edfico y el cumplimiento normativo, ofreciendo un servicio integral que abarca desde la planificaci\u00f3n [&hellip;]<\/p>\n","protected":false},"author":2,"featured_media":0,"parent":0,"menu_order":0,"comment_status":"closed","ping_status":"closed","template":"","meta":{"ocean_post_layout":"","ocean_both_sidebars_style":"","ocean_both_sidebars_content_width":0,"ocean_both_sidebars_sidebars_width":0,"ocean_sidebar":"0","ocean_second_sidebar":"0","ocean_disable_margins":"enable","ocean_add_body_class":"","ocean_shortcode_before_top_bar":"","ocean_shortcode_after_top_bar":"","ocean_shortcode_before_header":"","ocean_shortcode_after_header":"","ocean_has_shortcode":"","ocean_shortcode_after_title":"","ocean_shortcode_before_footer_widgets":"","ocean_shortcode_after_footer_widgets":"","ocean_shortcode_before_footer_bottom":"","ocean_shortcode_after_footer_bottom":"","ocean_display_top_bar":"default","ocean_display_header":"default","ocean_header_style":"","ocean_center_header_left_menu":"0","ocean_custom_header_template":"0","ocean_custom_logo":0,"ocean_custom_retina_logo":0,"ocean_custom_logo_max_width":0,"ocean_custom_logo_tablet_max_width":0,"ocean_custom_logo_mobile_max_width":0,"ocean_custom_logo_max_height":0,"ocean_custom_logo_tablet_max_height":0,"ocean_custom_logo_mobile_max_height":0,"ocean_header_custom_menu":"0","ocean_menu_typo_font_family":"0","ocean_menu_typo_font_subset":"","ocean_menu_typo_font_size":0,"ocean_menu_typo_font_size_tablet":0,"ocean_menu_typo_font_size_mobile":0,"ocean_menu_typo_font_size_unit":"px","ocean_menu_typo_font_weight":"","ocean_menu_typo_font_weight_tablet":"","ocean_menu_typo_font_weight_mobile":"","ocean_menu_typo_transform":"","ocean_menu_typo_transform_tablet":"","ocean_menu_typo_transform_mobile":"","ocean_menu_typo_line_height":0,"ocean_menu_typo_line_height_tablet":0,"ocean_menu_typo_line_height_mobile":0,"ocean_menu_typo_line_height_unit":"","ocean_menu_typo_spacing":0,"ocean_menu_typo_spacing_tablet":0,"ocean_menu_typo_spacing_mobile":0,"ocean_menu_typo_spacing_unit":"","ocean_menu_link_color":"","ocean_menu_link_color_hover":"","ocean_menu_link_color_active":"","ocean_menu_link_background":"","ocean_menu_link_hover_background":"","ocean_menu_link_active_background":"","ocean_menu_social_links_bg":"","ocean_menu_social_hover_links_bg":"","ocean_menu_social_links_color":"","ocean_menu_social_hover_links_color":"","ocean_disable_title":"default","ocean_disable_heading":"default","ocean_post_title":"","ocean_post_subheading":"","ocean_post_title_style":"","ocean_post_title_background_color":"","ocean_post_title_background":0,"ocean_post_title_bg_image_position":"","ocean_post_title_bg_image_attachment":"","ocean_post_title_bg_image_repeat":"","ocean_post_title_bg_image_size":"","ocean_post_title_height":0,"ocean_post_title_bg_overlay":0.5,"ocean_post_title_bg_overlay_color":"","ocean_disable_breadcrumbs":"default","ocean_breadcrumbs_color":"","ocean_breadcrumbs_separator_color":"","ocean_breadcrumbs_links_color":"","ocean_breadcrumbs_links_hover_color":"","ocean_display_footer_widgets":"default","ocean_display_footer_bottom":"default","ocean_custom_footer_template":"0","footnotes":""},"class_list":["post-1616","page","type-page","status-publish","hentry","entry"],"_links":{"self":[{"href":"https:\/\/devreg.eu\/es\/wp-json\/wp\/v2\/pages\/1616","targetHints":{"allow":["GET"]}}],"collection":[{"href":"https:\/\/devreg.eu\/es\/wp-json\/wp\/v2\/pages"}],"about":[{"href":"https:\/\/devreg.eu\/es\/wp-json\/wp\/v2\/types\/page"}],"author":[{"embeddable":true,"href":"https:\/\/devreg.eu\/es\/wp-json\/wp\/v2\/users\/2"}],"replies":[{"embeddable":true,"href":"https:\/\/devreg.eu\/es\/wp-json\/wp\/v2\/comments?post=1616"}],"version-history":[{"count":7,"href":"https:\/\/devreg.eu\/es\/wp-json\/wp\/v2\/pages\/1616\/revisions"}],"predecessor-version":[{"id":1649,"href":"https:\/\/devreg.eu\/es\/wp-json\/wp\/v2\/pages\/1616\/revisions\/1649"}],"wp:attachment":[{"href":"https:\/\/devreg.eu\/es\/wp-json\/wp\/v2\/media?parent=1616"}],"curies":[{"name":"wp","href":"https:\/\/api.w.org\/{rel}","templated":true}]}}