{"id":1560,"date":"2025-12-10T13:37:58","date_gmt":"2025-12-10T12:37:58","guid":{"rendered":"https:\/\/devreg.eu\/?page_id=1560"},"modified":"2025-12-17T10:35:33","modified_gmt":"2025-12-17T09:35:33","slug":"aviso-legal","status":"publish","type":"page","link":"https:\/\/devreg.eu\/es\/aviso-legal\/","title":{"rendered":"Aviso legal"},"content":{"rendered":"<p><\/p>\n<h2>Aviso legal<\/h2>\n<h3>Titularidad de la web y los datos de contacto<\/h3>\n<p><span dir=\"auto\">basickapital.pro es un dominio de internet que tiene como propietario a DEVREG CONSULTA, S.L.U. con CIF B25566613 y domiciliada en c\/Carrer de Sant Llu\u00eds, 127 \u2013 25680 Balaguer, LLEIDA.<\/span><\/p>\n<p>Puede contactar con nosotros:<\/p>\n<ul>\n<li>Por correo electr\u00f3nico:<a href=\"mailto:info@devreg.net\"><span dir=\"auto\">info@devreg.net<\/span><\/a><\/li>\n<li>Por correo ordinario: DEVREG CONSULTA<br \/>\n<span dir=\"auto\">c\/Carrer de Sant Llu\u00eds, 127<br \/>\n<span dir=\"auto\">25680 Balaguer, LLEIDA<\/span><\/span><\/li>\n<\/ul>\n<p>Para cualquier aclaraci\u00f3n no dude en contactar con:\u00a0DEVREG CONSULTA<\/p>\n<hr class=\"wp-block-separator has-alpha-channel-opacity\" \/>\n<h3>Condiciones de uso de la web<\/h3>\n<p>Las presentes condiciones de uso regulan el acceso a esta web por parte de los clientes de <strong>DEVREG CONSULTA<\/strong>\u00a0y otros usuarios de Internet. Para navegar en esta web, el usuario manifiesta su aceptaci\u00f3n sin salvedades de las presentes condiciones de uso.<br \/>\nDEVREG CONSULTA se reserva el derecho unilateral a modificar las presentes condiciones de acceso a la web, as\u00ed como los contenidos incluidos.<\/p>\n<hr class=\"wp-block-separator has-alpha-channel-opacity\" \/>\n<h3>Limitaci\u00f3n y exclusi\u00f3n de responsabilidad<\/h3>\n<p>El contenido de esta web es de car\u00e1cter general y tiene una finalidad y efectos exclusivamente informativos.\u00a0<strong>DEVREG CONSULTA<\/strong><span dir=\"auto\">\u00a0\u00a0no acepta responsabilidad sobre cualquier informaci\u00f3n no elaborada por ella o publicada a su nombre sin su autorizaci\u00f3n, as\u00ed como responsabilidad derivada de la mala utilizaci\u00f3n por terceros de los contenidos.<br \/>\nEl usuario exime a\u00a0<strong>DEVREG CONSULTA<\/strong>\u00a0de cualquier responsabilidad que pudiera derivarse de las interrupciones de disponibilidad de la p\u00e1gina web, ya sea por mal funcionamiento del servidor web o de las aplicaciones, de las infraestructuras de comunicaciones o del software y hardware utilizados para la navegaci\u00f3n.<br \/>\nEn caso de incluir enlaces de otras p\u00e1ginas web,\u00a0<strong>DEVREG CONSULTA<\/strong>\u00a0declina cualquier responsabilidad relacionada con los accesos a los mismos.<\/span><\/p>\n<hr class=\"wp-block-separator has-alpha-channel-opacity\" \/>\n<h3>Propiedad intelectual e industrial<\/h3>\n<p>La totalidad de esta web est\u00e1 protegida por las leyes de propiedad intelectual e industrial. Salvo que se indique lo contrario, los derechos de propiedad intelectual respecto a los contenidos corresponden en exclusiva a\u00a0<strong>DEVREG CONSULTA<\/strong>\u00a0. El usuario reconoce que el uso de los contenidos se limitar\u00e1 estrictamente a fines particulares del propio usuario y que la reproducci\u00f3n, distribuci\u00f3n, comunicaci\u00f3n o transformaci\u00f3n no expresamente autorizada de dichos contenidos constituir\u00eda una infracci\u00f3n de los derechos de propiedad intelectual.\u00a0Asimismo, el usuario se abstendr\u00e1 de aplicar los contenidos y principalmente la informaci\u00f3n de cualquier tipo obtenida mediante esta web para remitir publicidad o comunicaciones con fines de venta directa o de car\u00e1cter comercial; mensajes no solicitados dirigidos a una pluralidad de personas con independencia de su finalidad. Tambi\u00e9n se abstendr\u00e1 de divulgar de cualquier modo esta informaci\u00f3n.<\/p>\n<p>https:\/\/www.devreg.eu es un dominio de <strong>DEVREG CONSULTA<\/strong>.\u00a0No puede ser utilizado, salvo autorizaci\u00f3n previa y expresa, en conexi\u00f3n con otros productos o servicios que no sean propiedad de <strong>DEVREG CONSULTA<\/strong>\u00a0en modo alguno que pueda causar confusi\u00f3n entre nuestros clientes o descr\u00e9dito de<strong>DEVREG CONSULTA<\/strong>.<\/p>\n<hr class=\"wp-block-separator has-alpha-channel-opacity\" \/>\n<h3>Seguridad de la Informaci\u00f3n<\/h3>\n<p><strong>DEVREG CONSULTA<\/strong>\u00a0ha tomado todas las medidas legalmente requeridas para la protecci\u00f3n de datos personales, asimismo, ha adoptado todos los dispositivos t\u00e9cnicos a su alcance para evitar la p\u00e9rdida, mal uso, alteraci\u00f3n, acceso o robo de los datos personales facilitados por los usuarios de la web. El usuario tendr\u00e1 en cuenta, sin embargo, que las medidas de seguridad en Internet no son absolutamente inviolables.<\/p>\n<hr class=\"wp-block-separator has-alpha-channel-opacity\" \/>\n<h3>Menores de edad<\/h3>\n<p><strong>DEVREG CONSULTA<\/strong>, proh\u00edbe el uso de sus servicios web a los usuarios menores de 14 a\u00f1os, salvo consentimiento expreso de sus padres o tutores. En ning\u00fan caso el menor podr\u00e1 facilitar datos a\u00a0<strong>DEVREG CONSULTA<\/strong>\u00a0que permitan obtener informaci\u00f3n sobre los miembros del grupo familiar, o sobre sus caracter\u00edsticas, tales como datos relativos a la actividad profesional de los progenitores, informaci\u00f3n econ\u00f3mica, datos sociol\u00f3gicos o cualquier otro, sin el consentimiento del titular de dichos datos.<\/p>\n<hr class=\"wp-block-separator has-alpha-channel-opacity\" \/>\n<h3>Pol\u00edtica para enlazar a esta web<\/h3>\n<p>Si cualquier usuario, entidad o p\u00e1gina web deseara establecer alg\u00fan tipo de enlace con destino a esta web deber\u00e1 solicitar autorizaci\u00f3n previa a la realizaci\u00f3n del enlace y por escrito.<br \/>\nAdem\u00e1s, s\u00f3lo se permite enlazar a la p\u00e1gina de inicio de la web. El enlace debe ser en su totalidad y completo, es decir, debe llevar al usuario a la misma direcci\u00f3n de <strong>DEVREG CONSULTA<\/strong> cogiendo por completo la extensi\u00f3n de la pantalla de la p\u00e1gina que contiene el enlace. En ning\u00fan caso, salvo autorizaci\u00f3n expresa y por escrito de\u00a0<strong>DEVREG CONSULTA<\/strong>, la p\u00e1gina que realice el enlace en ning\u00fan momento podr\u00e1 reproducir la web <strong>DEVREG CONSULTA<\/strong>, ni incluirla como parte de su web ni dentro de uno de sus marcos sobre cualquiera de las p\u00e1ginas o contenidos de la presente web.<\/p>\n<p>No se incluir\u00e1 ninguna manifestaci\u00f3n falsa, inexacta o incorrecta sobre las p\u00e1ginas de esta web o los servicios que en ella se ofrecen.<\/p>\n<p>El enlace no contendr\u00e1 ninguna marca, nombre comercial, r\u00f3tulo de establecimiento, denominaci\u00f3n, logotipo, eslogan u otros signos distintivos pertenecientes a\u00a0<strong>DEVREG CONSULTA<\/strong>.<br \/>\nEn ninguna circunstancia\u00a0<strong>DEVREG CONSULTA<\/strong> ser\u00e1 responsable de los contenidos o servicios puestos a disposici\u00f3n del p\u00fablico en la p\u00e1gina web desde la que se realice el enlace ni de las informaciones o manifestaciones incluidas en las mismas.<\/p>\n<hr class=\"wp-block-separator has-alpha-channel-opacity\" \/>\n<h3>Protecci\u00f3n de datos personales<\/h3>\n<p>La utilizaci\u00f3n de esta web y sus formularios requiere la aceptaci\u00f3n del tratamiento de los datos del usuario conforme a nuestra pol\u00edtica de privacidad, incluyendo la recopilaci\u00f3n de datos de acceso y el env\u00edo de informaci\u00f3n comercial por v\u00eda electr\u00f3nica.<br \/>\nLea detenidamente nuestra pol\u00edtica de privacidad para conocer c\u00f3mo el titular de la presente web hace uso de los datos de los usuarios y c\u00f3mo ejercer los derechos de acceso, rectificaci\u00f3n, cancelaci\u00f3n y oposici\u00f3n.<\/p>\n<hr class=\"wp-block-separator has-alpha-channel-opacity\" \/>\n<h3>Cookies<\/h3>\n<p><span dir=\"auto\">Esta web utiliza cookies propias y de terceros para diversas finalidades incluyendo anal\u00edticas y publicitarias adaptadas a los intereses del usuario. Visualizar esta web con las cookies activadas en el navegador implica la aceptaci\u00f3n de su tratamiento conforme a nuestra pol\u00edtica de cookies.<br \/>\n<span dir=\"auto\">Lea detenidamente nuestra pol\u00edtica de cookies para conocer las tipolog\u00edas de cookies utilizadas, y c\u00f3mo bloquearlas o borrarlas en su navegador.<\/span><\/span><\/p>\n<hr class=\"wp-block-separator has-alpha-channel-opacity\" \/>\n<h3>Prevalencia de la versi\u00f3n espa\u00f1ola<\/h3>\n<p>En caso de que se traduzca este aviso legal de otros idiomas, cuando exista alguna discrepancia, la versi\u00f3n espa\u00f1ola prevalecer\u00e1.<\/p>\n<hr class=\"wp-block-separator has-alpha-channel-opacity\" \/>\n<h3>Legislaci\u00f3n y Jurisdicci\u00f3n aplicable<\/h3>\n<p>El presente Aviso Legal as\u00ed como las relaciones entre <strong>DEVREG CONSULTA<\/strong>\u00a0y los usuarios se regir\u00e1n por la normativa espa\u00f1ola vigente y cualquier controversia se someter\u00e1 a los Juzgados y Tribunales de Balaguer, salvo en el caso de consumidores y usuarios donde se aplicar\u00e1 el fuero imperativo de los juzgados que correspondan a su domicilio.<\/p>\n<p><strong>DEVREG CONSULTA<\/strong><\/p>","protected":false},"excerpt":{"rendered":"<p>Aviso legal Titularidad de la web y los datos de contacto basickapital.pro es un dominio de internet que tiene como propietario a DEVREG CONSULTA, S.L.U. con CIF B25566613 y domiciliada en c\/Carrer de Sant Llu\u00eds, 127 \u2013 25680 Balaguer, LLEIDA. Puede contactar con nosotros: Por correo electr\u00f3nico:info@devreg.net Por correo ordinario: DEVREG CONSULTA c\/Carrer de Sant [&hellip;]<\/p>\n","protected":false},"author":1,"featured_media":0,"parent":0,"menu_order":0,"comment_status":"closed","ping_status":"closed","template":"","meta":{"ocean_post_layout":"","ocean_both_sidebars_style":"","ocean_both_sidebars_content_width":0,"ocean_both_sidebars_sidebars_width":0,"ocean_sidebar":"0","ocean_second_sidebar":"0","ocean_disable_margins":"enable","ocean_add_body_class":"","ocean_shortcode_before_top_bar":"","ocean_shortcode_after_top_bar":"","ocean_shortcode_before_header":"","ocean_shortcode_after_header":"","ocean_has_shortcode":"","ocean_shortcode_after_title":"","ocean_shortcode_before_footer_widgets":"","ocean_shortcode_after_footer_widgets":"","ocean_shortcode_before_footer_bottom":"","ocean_shortcode_after_footer_bottom":"","ocean_display_top_bar":"default","ocean_display_header":"default","ocean_header_style":"","ocean_center_header_left_menu":"0","ocean_custom_header_template":"0","ocean_custom_logo":0,"ocean_custom_retina_logo":0,"ocean_custom_logo_max_width":0,"ocean_custom_logo_tablet_max_width":0,"ocean_custom_logo_mobile_max_width":0,"ocean_custom_logo_max_height":0,"ocean_custom_logo_tablet_max_height":0,"ocean_custom_logo_mobile_max_height":0,"ocean_header_custom_menu":"0","ocean_menu_typo_font_family":"0","ocean_menu_typo_font_subset":"","ocean_menu_typo_font_size":0,"ocean_menu_typo_font_size_tablet":0,"ocean_menu_typo_font_size_mobile":0,"ocean_menu_typo_font_size_unit":"px","ocean_menu_typo_font_weight":"","ocean_menu_typo_font_weight_tablet":"","ocean_menu_typo_font_weight_mobile":"","ocean_menu_typo_transform":"","ocean_menu_typo_transform_tablet":"","ocean_menu_typo_transform_mobile":"","ocean_menu_typo_line_height":0,"ocean_menu_typo_line_height_tablet":0,"ocean_menu_typo_line_height_mobile":0,"ocean_menu_typo_line_height_unit":"","ocean_menu_typo_spacing":0,"ocean_menu_typo_spacing_tablet":0,"ocean_menu_typo_spacing_mobile":0,"ocean_menu_typo_spacing_unit":"","ocean_menu_link_color":"","ocean_menu_link_color_hover":"","ocean_menu_link_color_active":"","ocean_menu_link_background":"","ocean_menu_link_hover_background":"","ocean_menu_link_active_background":"","ocean_menu_social_links_bg":"","ocean_menu_social_hover_links_bg":"","ocean_menu_social_links_color":"","ocean_menu_social_hover_links_color":"","ocean_disable_title":"default","ocean_disable_heading":"default","ocean_post_title":"","ocean_post_subheading":"","ocean_post_title_style":"","ocean_post_title_background_color":"","ocean_post_title_background":0,"ocean_post_title_bg_image_position":"","ocean_post_title_bg_image_attachment":"","ocean_post_title_bg_image_repeat":"","ocean_post_title_bg_image_size":"","ocean_post_title_height":0,"ocean_post_title_bg_overlay":0.5,"ocean_post_title_bg_overlay_color":"","ocean_disable_breadcrumbs":"default","ocean_breadcrumbs_color":"","ocean_breadcrumbs_separator_color":"","ocean_breadcrumbs_links_color":"","ocean_breadcrumbs_links_hover_color":"","ocean_display_footer_widgets":"default","ocean_display_footer_bottom":"default","ocean_custom_footer_template":"0","footnotes":""},"class_list":["post-1560","page","type-page","status-publish","hentry","entry"],"_links":{"self":[{"href":"https:\/\/devreg.eu\/es\/wp-json\/wp\/v2\/pages\/1560","targetHints":{"allow":["GET"]}}],"collection":[{"href":"https:\/\/devreg.eu\/es\/wp-json\/wp\/v2\/pages"}],"about":[{"href":"https:\/\/devreg.eu\/es\/wp-json\/wp\/v2\/types\/page"}],"author":[{"embeddable":true,"href":"https:\/\/devreg.eu\/es\/wp-json\/wp\/v2\/users\/1"}],"replies":[{"embeddable":true,"href":"https:\/\/devreg.eu\/es\/wp-json\/wp\/v2\/comments?post=1560"}],"version-history":[{"count":8,"href":"https:\/\/devreg.eu\/es\/wp-json\/wp\/v2\/pages\/1560\/revisions"}],"predecessor-version":[{"id":1571,"href":"https:\/\/devreg.eu\/es\/wp-json\/wp\/v2\/pages\/1560\/revisions\/1571"}],"wp:attachment":[{"href":"https:\/\/devreg.eu\/es\/wp-json\/wp\/v2\/media?parent=1560"}],"curies":[{"name":"wp","href":"https:\/\/api.w.org\/{rel}","templated":true}]}}