{"id":1355,"date":"2025-11-18T17:54:29","date_gmt":"2025-11-18T16:54:29","guid":{"rendered":"https:\/\/devreg.eu\/?page_id=1355"},"modified":"2025-12-17T10:41:47","modified_gmt":"2025-12-17T09:41:47","slug":"data-gap-analysis","status":"publish","type":"page","link":"https:\/\/devreg.eu\/es\/servicios-de-consulta-y-asuntos-reglamentarios\/data-gap-analysis\/","title":{"rendered":"Data Gap Analysis"},"content":{"rendered":"<p><\/p>\n<p>Un Data Gap Analysys (DGA) para el registro de productos fitosanitarios (PF) es una revisi\u00f3n estructurada que identifica los datos cient\u00edficos o reglamentarios faltantes, incompletos, obsoletos o que no cumplen con los requisitos vigentes. Es un paso esencial al preparar un nuevo expediente de registro o actualizar uno existente para plaguicidas, bioplaguicidas u otros productos fitosanitarios.<\/p>\n<p>Un DGA eval\u00faa los estudios y la documentaci\u00f3n disponibles sobre un producto fitosanitario en relaci\u00f3n con los requisitos de datos reglamentarios vigentes en la jurisdicci\u00f3n donde se solicita el registro (p. ej., Reglamento (CE) n.\u00ba 1107\/2009, m\u00e9todos CIPAC, directrices de la OCDE, etc.).<\/p>\n<p>Su prop\u00f3sito es garantizar que se presenten todas las evidencias cient\u00edficas necesarias para demostrar la seguridad, la eficacia y la calidad del producto.<\/p>\n<p>Objetivos de un DGA para PF:<\/p>\n<ol>\n<li>Determinar la integridad de los datos existentes:<\/li>\n<\/ol>\n<p>Verificar si se cubren todas las \u00e1reas de estudio requeridas por la normativa.<\/p>\n<ol start=\"2\">\n<li>Evaluar el cumplimiento de los estudios existentes:<\/li>\n<\/ol>\n<p>\u00bfSe realizaron los estudios conforme a las directrices de ensayo adecuadas (p. ej., OCDE)?<\/p>\n<p>\u00bfCumplen con las Buenas Pr\u00e1cticas de Laboratorio (BPL) cuando se requieren?<\/p>\n<p>\u00bfSiguen siendo v\u00e1lidos o est\u00e1n desactualizados debido a la evoluci\u00f3n de las regulaciones?<\/p>\n<ol start=\"3\">\n<li>Identificar estudios faltantes, inv\u00e1lidos o insuficientes.<\/li>\n<\/ol>\n<p>Resaltar los estudios obligatorios que deben generarse.<\/p>\n<ol start=\"4\">\n<li>Apoyar las estrategias regulatorias.<\/li>\n<\/ol>\n<p>Planificar cronogramas, presupuestos y decisiones sobre si el producto puede registrarse o renovarse.<\/p>\n<ol start=\"5\">\n<li>Mitigar riesgos.<\/li>\n<\/ol>\n<p>Reducir las probabilidades de rechazo regulatorio o de solicitudes adicionales de informaci\u00f3n.<\/p>\n<p>Resultados de un Data Gap Analysis (DGA) de un producto fitosanitario.<\/p>\n<p>Un DGA generalmente resulta en un informe estructurado que incluye:<\/p>\n<ul>\n<li>Resumen de los estudios existentes.<\/li>\n<li>Lista de brechas (estudios faltantes o que no cumplen con los requisitos).<\/li>\n<li>Justificaciones para las exenciones (cuando sean cient\u00edficamente v\u00e1lidas).<\/li>\n<li>Estrategia y cronograma propuestos para generar los datos faltantes.<\/li>\n<li>Costos estimados e hitos regulatorios.<\/li>\n<\/ul>\n<p><\/p>","protected":false},"excerpt":{"rendered":"<p>Un Data Gap Analysys (DGA) para el registro de productos fitosanitarios (PF) es una revisi\u00f3n estructurada que identifica los datos cient\u00edficos o reglamentarios faltantes, incompletos, obsoletos o que no cumplen con los requisitos vigentes. Es un paso esencial al preparar un nuevo expediente de registro o actualizar uno existente para plaguicidas, bioplaguicidas u otros productos [&hellip;]<\/p>\n","protected":false},"author":1,"featured_media":0,"parent":1177,"menu_order":0,"comment_status":"closed","ping_status":"closed","template":"","meta":{"ocean_post_layout":"","ocean_both_sidebars_style":"","ocean_both_sidebars_content_width":0,"ocean_both_sidebars_sidebars_width":0,"ocean_sidebar":"0","ocean_second_sidebar":"0","ocean_disable_margins":"enable","ocean_add_body_class":"","ocean_shortcode_before_top_bar":"","ocean_shortcode_after_top_bar":"","ocean_shortcode_before_header":"","ocean_shortcode_after_header":"","ocean_has_shortcode":"","ocean_shortcode_after_title":"","ocean_shortcode_before_footer_widgets":"","ocean_shortcode_after_footer_widgets":"","ocean_shortcode_before_footer_bottom":"","ocean_shortcode_after_footer_bottom":"","ocean_display_top_bar":"default","ocean_display_header":"default","ocean_header_style":"","ocean_center_header_left_menu":"0","ocean_custom_header_template":"0","ocean_custom_logo":0,"ocean_custom_retina_logo":0,"ocean_custom_logo_max_width":0,"ocean_custom_logo_tablet_max_width":0,"ocean_custom_logo_mobile_max_width":0,"ocean_custom_logo_max_height":0,"ocean_custom_logo_tablet_max_height":0,"ocean_custom_logo_mobile_max_height":0,"ocean_header_custom_menu":"0","ocean_menu_typo_font_family":"0","ocean_menu_typo_font_subset":"","ocean_menu_typo_font_size":0,"ocean_menu_typo_font_size_tablet":0,"ocean_menu_typo_font_size_mobile":0,"ocean_menu_typo_font_size_unit":"px","ocean_menu_typo_font_weight":"","ocean_menu_typo_font_weight_tablet":"","ocean_menu_typo_font_weight_mobile":"","ocean_menu_typo_transform":"","ocean_menu_typo_transform_tablet":"","ocean_menu_typo_transform_mobile":"","ocean_menu_typo_line_height":0,"ocean_menu_typo_line_height_tablet":0,"ocean_menu_typo_line_height_mobile":0,"ocean_menu_typo_line_height_unit":"","ocean_menu_typo_spacing":0,"ocean_menu_typo_spacing_tablet":0,"ocean_menu_typo_spacing_mobile":0,"ocean_menu_typo_spacing_unit":"","ocean_menu_link_color":"","ocean_menu_link_color_hover":"","ocean_menu_link_color_active":"","ocean_menu_link_background":"","ocean_menu_link_hover_background":"","ocean_menu_link_active_background":"","ocean_menu_social_links_bg":"","ocean_menu_social_hover_links_bg":"","ocean_menu_social_links_color":"","ocean_menu_social_hover_links_color":"","ocean_disable_title":"default","ocean_disable_heading":"default","ocean_post_title":"","ocean_post_subheading":"","ocean_post_title_style":"","ocean_post_title_background_color":"","ocean_post_title_background":0,"ocean_post_title_bg_image_position":"","ocean_post_title_bg_image_attachment":"","ocean_post_title_bg_image_repeat":"","ocean_post_title_bg_image_size":"","ocean_post_title_height":0,"ocean_post_title_bg_overlay":0.5,"ocean_post_title_bg_overlay_color":"","ocean_disable_breadcrumbs":"default","ocean_breadcrumbs_color":"","ocean_breadcrumbs_separator_color":"","ocean_breadcrumbs_links_color":"","ocean_breadcrumbs_links_hover_color":"","ocean_display_footer_widgets":"default","ocean_display_footer_bottom":"default","ocean_custom_footer_template":"0","footnotes":""},"class_list":["post-1355","page","type-page","status-publish","hentry","entry"],"_links":{"self":[{"href":"https:\/\/devreg.eu\/es\/wp-json\/wp\/v2\/pages\/1355","targetHints":{"allow":["GET"]}}],"collection":[{"href":"https:\/\/devreg.eu\/es\/wp-json\/wp\/v2\/pages"}],"about":[{"href":"https:\/\/devreg.eu\/es\/wp-json\/wp\/v2\/types\/page"}],"author":[{"embeddable":true,"href":"https:\/\/devreg.eu\/es\/wp-json\/wp\/v2\/users\/1"}],"replies":[{"embeddable":true,"href":"https:\/\/devreg.eu\/es\/wp-json\/wp\/v2\/comments?post=1355"}],"version-history":[{"count":8,"href":"https:\/\/devreg.eu\/es\/wp-json\/wp\/v2\/pages\/1355\/revisions"}],"predecessor-version":[{"id":1607,"href":"https:\/\/devreg.eu\/es\/wp-json\/wp\/v2\/pages\/1355\/revisions\/1607"}],"up":[{"embeddable":true,"href":"https:\/\/devreg.eu\/es\/wp-json\/wp\/v2\/pages\/1177"}],"wp:attachment":[{"href":"https:\/\/devreg.eu\/es\/wp-json\/wp\/v2\/media?parent=1355"}],"curies":[{"name":"wp","href":"https:\/\/api.w.org\/{rel}","templated":true}]}}