{"id":1177,"date":"2025-04-09T10:58:41","date_gmt":"2025-04-09T08:58:41","guid":{"rendered":"https:\/\/devreg.eu\/?page_id=1177"},"modified":"2025-12-17T10:41:00","modified_gmt":"2025-12-17T09:41:00","slug":"servicios-de-consulta-y-asuntos-reglamentarios","status":"publish","type":"page","link":"https:\/\/devreg.eu\/es\/servicios-de-consulta-y-asuntos-reglamentarios\/","title":{"rendered":"Servicios de consultoria y asuntos reglamentarios"},"content":{"rendered":"\t\t<div data-elementor-type=\"wp-page\" data-elementor-id=\"1177\" class=\"elementor elementor-1177\">\n\t\t\t\t<div class=\"elementor-element elementor-element-470e304 e-flex e-con-boxed e-con e-parent\" data-id=\"470e304\" data-element_type=\"container\">\n\t\t\t\t\t<div class=\"e-con-inner\">\n\t\t\t\t<div class=\"elementor-element elementor-element-d3e8c10 elementor-widget elementor-widget-text-editor\" data-id=\"d3e8c10\" data-element_type=\"widget\" data-widget_type=\"text-editor.default\">\n\t\t\t\t<div class=\"elementor-widget-container\">\n\t\t\t\t\t\t\t\t\t<p>Los servicios de DEVREG se centran en la direcci\u00f3n y seguimiento de los programas de desarrollo en Europa, para lo que cuenta con la colaboraci\u00f3n de diferentes entidades reconocidas para la realizaci\u00f3n de ensayos de campo. El objetivo es proporcionar los datos de eficacia y selectividad para el registro de productos fitosanitarios en Europa.<\/p><p><span style=\"font-size: 15px;\">DEVREG ofrece un servicio integrado de coordinaci\u00f3n de ensayos de campo, asistiendo a la Direcci\u00f3n de Desarrollo en la planificaci\u00f3n y ejecuci\u00f3n de ensayos, preparaci\u00f3n de los protocolos para ensayos de eficacia y selectividad (EOR\/GEP), as\u00ed como en ensayos de residuos (BPL\/GLP).<\/span><\/p><p><span style=\"font-size: 15px;\">DEVREG ofrece la asistencia en la contrataci\u00f3n y seguimiento de ensayos con entidades de ensayo externas e independientes, incluyendo informaci\u00f3n sobre el progreso de los ensayos, recogida y evaluaci\u00f3n de datos preliminares y la supervisi\u00f3n de los informes finales. DEVREG tambi\u00e9n apoya a la Direcci\u00f3n de Desarrollo como conexi\u00f3n con otras actividades relacionadas con los ensayos, por ejemplo, Registros, Control y grupos de investigaci\u00f3n.<\/span><br \/><\/span><\/p>\t\t\t\t\t\t\t\t<\/div>\n\t\t\t\t<\/div>\n\t\t\t\t<div class=\"elementor-element elementor-element-dc2c317 elementor-widget elementor-widget-image\" data-id=\"dc2c317\" data-element_type=\"widget\" data-widget_type=\"image.default\">\n\t\t\t\t<div class=\"elementor-widget-container\">\n\t\t\t\t\t\t\t\t\t\t\t\t\t\t\t<img fetchpriority=\"high\" decoding=\"async\" width=\"600\" height=\"338\" src=\"https:\/\/devreg.eu\/wp-content\/uploads\/2025\/04\/campo.jpg\" class=\"attachment-large size-large wp-image-1180\" alt=\"Campo Plantacion\" srcset=\"https:\/\/devreg.eu\/wp-content\/uploads\/2025\/04\/campo.jpg 600w, https:\/\/devreg.eu\/wp-content\/uploads\/2025\/04\/campo-300x169.jpg 300w\" sizes=\"(max-width: 600px) 100vw, 600px\" \/>\t\t\t\t\t\t\t\t\t\t\t\t\t\t\t<\/div>\n\t\t\t\t<\/div>\n\t\t\t\t\t<\/div>\n\t\t\t\t<\/div>\n\t\t<div class=\"elementor-element elementor-element-94ade19 e-flex e-con-boxed e-con e-parent\" data-id=\"94ade19\" data-element_type=\"container\">\n\t\t\t\t\t<div class=\"e-con-inner\">\n\t\t\t\t<div class=\"elementor-element elementor-element-717ba25 elementor-widget elementor-widget-text-editor\" data-id=\"717ba25\" data-element_type=\"widget\" data-widget_type=\"text-editor.default\">\n\t\t\t\t<div class=\"elementor-widget-container\">\n\t\t\t\t\t\t\t\t\t<p><strong>Areas reglamentarias:<\/strong><\/p><ul><li>Propiedades fisico-quimicas y estabilidad<\/li><li>M\u00e9todos anal\u00edticos (validaci\u00f3n, ILV, etc.)<\/li><li>Eficacia, selectividad, procesado, rendimiento, etc.<\/li><li>Estudios toxicol\u00f3gicos y de exposici\u00f3n no associada a la dieta<\/li><li>Residuos en productos vegetales y procesados<\/li><li>Estudios ecotoxicol\u00f3gicos<\/li><\/ul><p><strong>La Coordinaci\u00f3n de Proyectos de Desarrollo incluye:<\/strong><\/p><ul><li>Planificaci\u00f3n del programa de ensayos bajo la direcci\u00f3n del Responsable de Desarrollo.<\/li><li>Supervisi\u00f3n e informe de los ensayos, resumen e interpretaci\u00f3n preliminar de los ensayos.<\/li><li>Colaboraci\u00f3n con el equipo de registros para el planteamiento de los protocolos de eficacia y selectividad (EOR\/GEP) y de residuos (BPL) para los diferentes ensayos, y asegurar que todos los datos necesarios se reflejen en el protocolo.<\/li><li>Dar apoyo a los responsables de desarrollo en la coordinaci\u00f3n con los equipos de registro y de investigaci\u00f3n.<\/li><li>Supervisi\u00f3n del trabajo realizado por las entidades de ensayo contratadas para cumplir con los procedimientos operativos y administrativos requeridos.<\/li><li>Asistir al responsable de desarrollo en la actualizaci\u00f3n de los programas de ensayos en marcha, as\u00ed como en la situaci\u00f3n de los ensayos en cada momento.<\/li><\/ul><p>Para m\u00e1s informaci\u00f3n, contactar con nuestro equipo para obtener la mejor propuesta para el desarrollo de sus productos.<br \/><\/p>\t\t\t\t\t\t\t\t<\/div>\n\t\t\t\t<\/div>\n\t\t\t\t\t<\/div>\n\t\t\t\t<\/div>\n\t\t\t\t<\/div>\n\t\t","protected":false},"excerpt":{"rendered":"<p>Los servicios de DEVREG se centran en la direcci\u00f3n y seguimiento de los programas de desarrollo en Europa, para lo que cuenta con la colaboraci\u00f3n de diferentes entidades reconocidas para la realizaci\u00f3n de ensayos de campo. El objetivo es proporcionar los datos de eficacia y selectividad para el registro de productos fitosanitarios en Europa. DEVREG [&hellip;]<\/p>\n","protected":false},"author":1,"featured_media":0,"parent":0,"menu_order":0,"comment_status":"closed","ping_status":"closed","template":"","meta":{"ocean_post_layout":"full-width","ocean_both_sidebars_style":"","ocean_both_sidebars_content_width":0,"ocean_both_sidebars_sidebars_width":0,"ocean_sidebar":"0","ocean_second_sidebar":"0","ocean_disable_margins":"enable","ocean_add_body_class":"","ocean_shortcode_before_top_bar":"","ocean_shortcode_after_top_bar":"","ocean_shortcode_before_header":"","ocean_shortcode_after_header":"","ocean_has_shortcode":"","ocean_shortcode_after_title":"","ocean_shortcode_before_footer_widgets":"","ocean_shortcode_after_footer_widgets":"","ocean_shortcode_before_footer_bottom":"","ocean_shortcode_after_footer_bottom":"","ocean_display_top_bar":"default","ocean_display_header":"default","ocean_header_style":"","ocean_center_header_left_menu":"0","ocean_custom_header_template":"0","ocean_custom_logo":0,"ocean_custom_retina_logo":0,"ocean_custom_logo_max_width":0,"ocean_custom_logo_tablet_max_width":0,"ocean_custom_logo_mobile_max_width":0,"ocean_custom_logo_max_height":0,"ocean_custom_logo_tablet_max_height":0,"ocean_custom_logo_mobile_max_height":0,"ocean_header_custom_menu":"0","ocean_menu_typo_font_family":"0","ocean_menu_typo_font_subset":"","ocean_menu_typo_font_size":0,"ocean_menu_typo_font_size_tablet":0,"ocean_menu_typo_font_size_mobile":0,"ocean_menu_typo_font_size_unit":"px","ocean_menu_typo_font_weight":"","ocean_menu_typo_font_weight_tablet":"","ocean_menu_typo_font_weight_mobile":"","ocean_menu_typo_transform":"","ocean_menu_typo_transform_tablet":"","ocean_menu_typo_transform_mobile":"","ocean_menu_typo_line_height":0,"ocean_menu_typo_line_height_tablet":0,"ocean_menu_typo_line_height_mobile":0,"ocean_menu_typo_line_height_unit":"","ocean_menu_typo_spacing":0,"ocean_menu_typo_spacing_tablet":0,"ocean_menu_typo_spacing_mobile":0,"ocean_menu_typo_spacing_unit":"","ocean_menu_link_color":"","ocean_menu_link_color_hover":"","ocean_menu_link_color_active":"","ocean_menu_link_background":"","ocean_menu_link_hover_background":"","ocean_menu_link_active_background":"","ocean_menu_social_links_bg":"","ocean_menu_social_hover_links_bg":"","ocean_menu_social_links_color":"","ocean_menu_social_hover_links_color":"","ocean_disable_title":"default","ocean_disable_heading":"default","ocean_post_title":"","ocean_post_subheading":"","ocean_post_title_style":"","ocean_post_title_background_color":"","ocean_post_title_background":0,"ocean_post_title_bg_image_position":"","ocean_post_title_bg_image_attachment":"","ocean_post_title_bg_image_repeat":"","ocean_post_title_bg_image_size":"","ocean_post_title_height":0,"ocean_post_title_bg_overlay":0.5,"ocean_post_title_bg_overlay_color":"","ocean_disable_breadcrumbs":"default","ocean_breadcrumbs_color":"","ocean_breadcrumbs_separator_color":"","ocean_breadcrumbs_links_color":"","ocean_breadcrumbs_links_hover_color":"","ocean_display_footer_widgets":"default","ocean_display_footer_bottom":"default","ocean_custom_footer_template":"0","footnotes":""},"class_list":["post-1177","page","type-page","status-publish","hentry","entry"],"_links":{"self":[{"href":"https:\/\/devreg.eu\/es\/wp-json\/wp\/v2\/pages\/1177","targetHints":{"allow":["GET"]}}],"collection":[{"href":"https:\/\/devreg.eu\/es\/wp-json\/wp\/v2\/pages"}],"about":[{"href":"https:\/\/devreg.eu\/es\/wp-json\/wp\/v2\/types\/page"}],"author":[{"embeddable":true,"href":"https:\/\/devreg.eu\/es\/wp-json\/wp\/v2\/users\/1"}],"replies":[{"embeddable":true,"href":"https:\/\/devreg.eu\/es\/wp-json\/wp\/v2\/comments?post=1177"}],"version-history":[{"count":17,"href":"https:\/\/devreg.eu\/es\/wp-json\/wp\/v2\/pages\/1177\/revisions"}],"predecessor-version":[{"id":1596,"href":"https:\/\/devreg.eu\/es\/wp-json\/wp\/v2\/pages\/1177\/revisions\/1596"}],"wp:attachment":[{"href":"https:\/\/devreg.eu\/es\/wp-json\/wp\/v2\/media?parent=1177"}],"curies":[{"name":"wp","href":"https:\/\/api.w.org\/{rel}","templated":true}]}}