{"id":171,"date":"2016-10-30T12:40:41","date_gmt":"2016-10-30T12:40:41","guid":{"rendered":"https:\/\/oceanwp.org\/travel\/?page_id=171"},"modified":"2026-04-09T10:23:19","modified_gmt":"2026-04-09T08:23:19","slug":"consultoria-tecnico-regulatoria","status":"publish","type":"page","link":"https:\/\/devreg.eu\/en\/","title":{"rendered":"Homes"},"content":{"rendered":"\t\t<div data-elementor-type=\"wp-post\" data-elementor-id=\"171\" class=\"elementor elementor-171\">\n\t\t\t\t\t\t<section class=\"elementor-section elementor-top-section elementor-element elementor-element-xzv1c7c elementor-section-boxed elementor-section-height-default elementor-section-height-default\" data-id=\"xzv1c7c\" data-element_type=\"section\" data-settings=\"{&quot;background_background&quot;:&quot;classic&quot;}\">\n\t\t\t\t\t\t<div class=\"elementor-container elementor-column-gap-default\">\n\t\t\t\t\t<div class=\"elementor-column elementor-col-50 elementor-top-column elementor-element elementor-element-1m6w5cw\" data-id=\"1m6w5cw\" data-element_type=\"column\" data-settings=\"{&quot;background_background&quot;:&quot;classic&quot;}\">\n\t\t\t<div class=\"elementor-widget-wrap elementor-element-populated\">\n\t\t\t\t\t\t<div class=\"elementor-element elementor-element-987690e elementor-widget__width-initial elementor-widget elementor-widget-image\" data-id=\"987690e\" data-element_type=\"widget\" data-widget_type=\"image.default\">\n\t\t\t\t<div class=\"elementor-widget-container\">\n\t\t\t\t\t\t\t\t\t\t\t\t\t\t\t<img decoding=\"async\" width=\"400\" height=\"110\" src=\"https:\/\/devreg.eu\/wp-content\/uploads\/2025\/04\/cropped-devreg_white.png\" class=\"attachment-large size-large wp-image-1227\" alt=\"Logotipo Devreg blanco\" srcset=\"https:\/\/devreg.eu\/wp-content\/uploads\/2025\/04\/cropped-devreg_white.png 400w, https:\/\/devreg.eu\/wp-content\/uploads\/2025\/04\/cropped-devreg_white-300x83.png 300w\" sizes=\"(max-width: 400px) 100vw, 400px\" \/>\t\t\t\t\t\t\t\t\t\t\t\t\t\t\t<\/div>\n\t\t\t\t<\/div>\n\t\t\t\t<div class=\"elementor-element elementor-element-12ayfq6 elementor-widget__width-initial elementor-widget elementor-widget-text-editor\" data-id=\"12ayfq6\" data-element_type=\"widget\" data-widget_type=\"text-editor.default\">\n\t\t\t\t<div class=\"elementor-widget-container\">\n\t\t\t\t\t\t\t\t\t<h1 style=\"color: white; font-size: 18px;\">development and registration experts on agrochemicals and biocides<\/h1>\t\t\t\t\t\t\t\t<\/div>\n\t\t\t\t<\/div>\n\t\t\t\t<div class=\"elementor-element elementor-element-gydt3kn elementor-align-right elementor-widget__width-initial elementor-widget elementor-widget-button\" data-id=\"gydt3kn\" data-element_type=\"widget\" data-widget_type=\"button.default\">\n\t\t\t\t<div class=\"elementor-widget-container\">\n\t\t\t\t\t\t\t\t\t<div class=\"elementor-button-wrapper\">\n\t\t\t\t\t<a class=\"elementor-button elementor-button-link elementor-size-sm\" href=\"https:\/\/devreg.eu\/es\/quien-somos\/\">\n\t\t\t\t\t\t<span class=\"elementor-button-content-wrapper\">\n\t\t\t\t\t\t<span class=\"elementor-button-icon\">\n\t\t\t\t<svg aria-hidden=\"true\" class=\"e-font-icon-svg e-fas-angle-right\" viewBox=\"0 0 256 512\" xmlns=\"http:\/\/www.w3.org\/2000\/svg\"><path d=\"M224.3 273l-136 136c-9.4 9.4-24.6 9.4-33.9 0l-22.6-22.6c-9.4-9.4-9.4-24.6 0-33.9l96.4-96.4-96.4-96.4c-9.4-9.4-9.4-24.6 0-33.9L54.3 103c9.4-9.4 24.6-9.4 33.9 0l136 136c9.5 9.4 9.5 24.6.1 34z\"><\/path><\/svg>\t\t\t<\/span>\n\t\t\t\t\t\t\t\t\t<span class=\"elementor-button-text\">more<\/span>\n\t\t\t\t\t<\/span>\n\t\t\t\t\t<\/a>\n\t\t\t\t<\/div>\n\t\t\t\t\t\t\t\t<\/div>\n\t\t\t\t<\/div>\n\t\t\t\t\t<\/div>\n\t\t<\/div>\n\t\t\t\t<div class=\"elementor-column elementor-col-50 elementor-top-column elementor-element elementor-element-5pbrfdr\" data-id=\"5pbrfdr\" data-element_type=\"column\">\n\t\t\t<div class=\"elementor-widget-wrap\">\n\t\t\t\t\t\t\t<\/div>\n\t\t<\/div>\n\t\t\t\t\t<\/div>\n\t\t<\/section>\n\t\t\t\t<section class=\"elementor-section elementor-top-section elementor-element elementor-element-khuimsb elementor-section-boxed elementor-section-height-default elementor-section-height-default\" data-id=\"khuimsb\" data-element_type=\"section\">\n\t\t\t\t\t\t<div class=\"elementor-container elementor-column-gap-default\">\n\t\t\t\t\t<div class=\"elementor-column elementor-col-33 elementor-top-column elementor-element elementor-element-l6244pq\" data-id=\"l6244pq\" data-element_type=\"column\">\n\t\t\t<div class=\"elementor-widget-wrap elementor-element-populated\">\n\t\t\t\t\t\t<div class=\"elementor-element elementor-element-f3273ee elementor-position-top elementor-widget elementor-widget-image-box\" data-id=\"f3273ee\" data-element_type=\"widget\" data-widget_type=\"image-box.default\">\n\t\t\t\t<div class=\"elementor-widget-container\">\n\t\t\t\t\t<div class=\"elementor-image-box-wrapper\"><figure class=\"elementor-image-box-img\"><a href=\"https:\/\/devreg.eu\/ensayos-de-campo\/\" tabindex=\"-1\"><img fetchpriority=\"high\" decoding=\"async\" width=\"512\" height=\"512\" src=\"https:\/\/devreg.eu\/wp-content\/uploads\/2025\/12\/ensayos.png\" class=\"attachment-full size-full wp-image-1577\" alt=\"Icono Ensayos de campo\" srcset=\"https:\/\/devreg.eu\/wp-content\/uploads\/2025\/12\/ensayos.png 512w, https:\/\/devreg.eu\/wp-content\/uploads\/2025\/12\/ensayos-300x300.png 300w, https:\/\/devreg.eu\/wp-content\/uploads\/2025\/12\/ensayos-150x150.png 150w\" sizes=\"(max-width: 512px) 100vw, 512px\" \/><\/a><\/figure><div class=\"elementor-image-box-content\"><h3 class=\"elementor-image-box-title\"><a href=\"https:\/\/devreg.eu\/ensayos-de-campo\/\">Field Trials<\/a><\/h3><\/div><\/div>\t\t\t\t<\/div>\n\t\t\t\t<\/div>\n\t\t\t\t\t<\/div>\n\t\t<\/div>\n\t\t\t\t<div class=\"elementor-column elementor-col-33 elementor-top-column elementor-element elementor-element-vg807qt\" data-id=\"vg807qt\" data-element_type=\"column\">\n\t\t\t<div class=\"elementor-widget-wrap elementor-element-populated\">\n\t\t\t\t\t\t<div class=\"elementor-element elementor-element-790e3e2 elementor-position-top elementor-widget elementor-widget-image-box\" data-id=\"790e3e2\" data-element_type=\"widget\" data-widget_type=\"image-box.default\">\n\t\t\t\t<div class=\"elementor-widget-container\">\n\t\t\t\t\t<div class=\"elementor-image-box-wrapper\"><figure class=\"elementor-image-box-img\"><a href=\"https:\/\/devreg.eu\/servicios-de-consulta-y-asuntos-reglamentarios\/\" tabindex=\"-1\"><img decoding=\"async\" width=\"512\" height=\"512\" src=\"https:\/\/devreg.eu\/wp-content\/uploads\/2025\/12\/consulta.png\" class=\"attachment-full size-full wp-image-1576\" alt=\"Icono Servicios de consulta y asuntos reglamentarios\" srcset=\"https:\/\/devreg.eu\/wp-content\/uploads\/2025\/12\/consulta.png 512w, https:\/\/devreg.eu\/wp-content\/uploads\/2025\/12\/consulta-300x300.png 300w, https:\/\/devreg.eu\/wp-content\/uploads\/2025\/12\/consulta-150x150.png 150w\" sizes=\"(max-width: 512px) 100vw, 512px\" \/><\/a><\/figure><div class=\"elementor-image-box-content\"><h3 class=\"elementor-image-box-title\"><a href=\"https:\/\/devreg.eu\/servicios-de-consulta-y-asuntos-reglamentarios\/\">Consultancy services and regulatory Affairs<\/a><\/h3><\/div><\/div>\t\t\t\t<\/div>\n\t\t\t\t<\/div>\n\t\t\t\t\t<\/div>\n\t\t<\/div>\n\t\t\t\t<div class=\"elementor-column elementor-col-33 elementor-top-column elementor-element elementor-element-nfzubc8\" data-id=\"nfzubc8\" data-element_type=\"column\">\n\t\t\t<div class=\"elementor-widget-wrap elementor-element-populated\">\n\t\t\t\t\t\t<div class=\"elementor-element elementor-element-00234a0 elementor-position-top elementor-widget elementor-widget-image-box\" data-id=\"00234a0\" data-element_type=\"widget\" data-widget_type=\"image-box.default\">\n\t\t\t\t<div class=\"elementor-widget-container\">\n\t\t\t\t\t<div class=\"elementor-image-box-wrapper\"><figure class=\"elementor-image-box-img\"><a href=\"https:\/\/devreg.eu\/servicios-de-consulta-y-asuntos-reglamentarios\/data-gap-analysis\/\" tabindex=\"-1\"><img loading=\"lazy\" decoding=\"async\" width=\"512\" height=\"512\" src=\"https:\/\/devreg.eu\/wp-content\/uploads\/2025\/12\/datagap.png\" class=\"attachment-full size-full wp-image-1575\" alt=\"Icono Data Gap Analisys\" srcset=\"https:\/\/devreg.eu\/wp-content\/uploads\/2025\/12\/datagap.png 512w, https:\/\/devreg.eu\/wp-content\/uploads\/2025\/12\/datagap-300x300.png 300w, https:\/\/devreg.eu\/wp-content\/uploads\/2025\/12\/datagap-150x150.png 150w\" sizes=\"(max-width: 512px) 100vw, 512px\" \/><\/a><\/figure><div class=\"elementor-image-box-content\"><h3 class=\"elementor-image-box-title\"><a href=\"https:\/\/devreg.eu\/servicios-de-consulta-y-asuntos-reglamentarios\/data-gap-analysis\/\">Data Gap Analisys<\/a><\/h3><\/div><\/div>\t\t\t\t<\/div>\n\t\t\t\t<\/div>\n\t\t\t\t\t<\/div>\n\t\t<\/div>\n\t\t\t\t\t<\/div>\n\t\t<\/section>\n\t\t\t\t<section class=\"elementor-section elementor-top-section elementor-element elementor-element-zuwlmv7 elementor-section-boxed elementor-section-height-default elementor-section-height-default\" data-id=\"zuwlmv7\" data-element_type=\"section\">\n\t\t\t\t\t\t<div class=\"elementor-container elementor-column-gap-default\">\n\t\t\t\t\t<div class=\"elementor-column elementor-col-100 elementor-top-column elementor-element elementor-element-nu1z1i3\" data-id=\"nu1z1i3\" data-element_type=\"column\">\n\t\t\t<div class=\"elementor-widget-wrap elementor-element-populated\">\n\t\t\t\t\t\t<div class=\"elementor-element elementor-element-56hgk5i elementor-widget elementor-widget-heading\" data-id=\"56hgk5i\" data-element_type=\"widget\" data-widget_type=\"heading.default\">\n\t\t\t\t<div class=\"elementor-widget-container\">\n\t\t\t\t\t<h2 class=\"elementor-heading-title elementor-size-default\">News<\/h2>\t\t\t\t<\/div>\n\t\t\t\t<\/div>\n\t\t\t\t<div class=\"elementor-element elementor-element-949eb5d elementor-widget elementor-widget-wp-widget-ocean_recent_posts\" data-id=\"949eb5d\" data-element_type=\"widget\" data-widget_type=\"wp-widget-ocean_recent_posts.default\">\n\t\t\t\t<div class=\"elementor-widget-container\">\n\t\t\t\t\t\r\n\t\t\t\t<ul class=\"oceanwp-recent-posts clr\">\r\n\r\n\t\t\t\t\t\r\n\t\t\t\t\t\t\t<li class=\"clr\">\r\n\r\n\t\t\t\t\t\t\t\t\t\t\t\t\t\t\t\t\t<a href=\"https:\/\/devreg.eu\/en\/consultoria-en-biocidas-y-normativa-europea-un-servicio-esencial-para-empresas-innovadoras\/\" title=\"Consultor\u00eda en biocidas y normativa europea: un servicio esencial para empresas innovadoras\" class=\"recent-posts-thumbnail\">\r\n\t\t\t\t\t\t\t\t\t\t<img loading=\"lazy\" decoding=\"async\" width=\"150\" height=\"150\" src=\"https:\/\/devreg.eu\/wp-content\/uploads\/2026\/04\/image-14-150x150.png\" class=\"attachment-thumbnail size-thumbnail wp-post-image\" alt=\"Consultor\u00eda en biocidas y normativa europea: un servicio esencial para empresas innovadoras\" itemprop=\"image\" \/>\r\n\t\t\t\t\t\t\t\t\t\t<span class=\"overlay\"><\/span>\r\n\t\t\t\t\t\t\t\t\t<\/a>\r\n\t\t\t\t\t\t\t\t\r\n\t\t\t\t\t\t\t\t<div class=\"recent-posts-details clr\">\r\n\r\n\t\t\t\t\t\t\t\t\t<div class=\"recent-posts-details-inner clr\">\r\n\r\n\t\t\t\t\t\t\t\t\t\t<a href=\"https:\/\/devreg.eu\/en\/consultoria-en-biocidas-y-normativa-europea-un-servicio-esencial-para-empresas-innovadoras\/\" class=\"recent-posts-title\">Consultor\u00eda en biocidas y normativa europea: un servicio esencial para empresas innovadoras<\/a>\r\n\r\n\t\t\t\t\t\t\t\t\t\t<div class=\"recent-posts-info clr\">\r\n\t\t\t\t\t\t\t\t\t\t\t<div class=\"recent-posts-date\">Thursday April 30th, 2026<span class=\"sep\">\/<\/span><\/div>\r\n\t\t\t\t\t\t\t\t\t\t\t<div class=\"recent-posts-comments\"><a href=\"https:\/\/devreg.eu\/en\/consultoria-en-biocidas-y-normativa-europea-un-servicio-esencial-para-empresas-innovadoras\/#respond\">0 Comments<\/a><\/div>\r\n\t\t\t\t\t\t\t\t\t\t<\/div>\r\n\r\n\t\t\t\t\t\t\t\t\t<\/div>\r\n\r\n\t\t\t\t\t\t\t\t<\/div>\r\n\r\n\t\t\t\t\t\t\t<\/li>\r\n\r\n\t\t\t\t\t\t\r\n\t\t\t\t\t\t\t<li class=\"clr\">\r\n\r\n\t\t\t\t\t\t\t\t\t\t\t\t\t\t\t\t\t<a href=\"https:\/\/devreg.eu\/en\/registro-de-productos-fitosanitarios-en-espana-garantia-de-seguridad-y-cumplimiento-normativo\/\" title=\"Registro de productos fitosanitarios en Espa\u00f1a: garant\u00eda de seguridad y cumplimiento normativo\" class=\"recent-posts-thumbnail\">\r\n\t\t\t\t\t\t\t\t\t\t<img loading=\"lazy\" decoding=\"async\" width=\"150\" height=\"150\" src=\"https:\/\/devreg.eu\/wp-content\/uploads\/2026\/04\/image-13-150x150.png\" class=\"attachment-thumbnail size-thumbnail wp-post-image\" alt=\"Registro de productos fitosanitarios en Espa\u00f1a: garant\u00eda de seguridad y cumplimiento normativo\" itemprop=\"image\" \/>\r\n\t\t\t\t\t\t\t\t\t\t<span class=\"overlay\"><\/span>\r\n\t\t\t\t\t\t\t\t\t<\/a>\r\n\t\t\t\t\t\t\t\t\r\n\t\t\t\t\t\t\t\t<div class=\"recent-posts-details clr\">\r\n\r\n\t\t\t\t\t\t\t\t\t<div class=\"recent-posts-details-inner clr\">\r\n\r\n\t\t\t\t\t\t\t\t\t\t<a href=\"https:\/\/devreg.eu\/en\/registro-de-productos-fitosanitarios-en-espana-garantia-de-seguridad-y-cumplimiento-normativo\/\" class=\"recent-posts-title\">Registro de productos fitosanitarios en Espa\u00f1a: garant\u00eda de seguridad y cumplimiento normativo<\/a>\r\n\r\n\t\t\t\t\t\t\t\t\t\t<div class=\"recent-posts-info clr\">\r\n\t\t\t\t\t\t\t\t\t\t\t<div class=\"recent-posts-date\">Thursday April 23rd, 2026<span class=\"sep\">\/<\/span><\/div>\r\n\t\t\t\t\t\t\t\t\t\t\t<div class=\"recent-posts-comments\"><a href=\"https:\/\/devreg.eu\/en\/registro-de-productos-fitosanitarios-en-espana-garantia-de-seguridad-y-cumplimiento-normativo\/#respond\">0 Comments<\/a><\/div>\r\n\t\t\t\t\t\t\t\t\t\t<\/div>\r\n\r\n\t\t\t\t\t\t\t\t\t<\/div>\r\n\r\n\t\t\t\t\t\t\t\t<\/div>\r\n\r\n\t\t\t\t\t\t\t<\/li>\r\n\r\n\t\t\t\t\t\t\r\n\t\t\t\t\t\t\t<li class=\"clr\">\r\n\r\n\t\t\t\t\t\t\t\t\t\t\t\t\t\t\t\t\t<a href=\"https:\/\/devreg.eu\/en\/devreg-consultoria-refuerza-su-compromiso-con-la-regulacion-segura-de-productos-agricolas\/\" title=\"DEVREG Consultor\u00eda refuerza su compromiso con la regulaci\u00f3n segura de productos agr\u00edcolas\" class=\"recent-posts-thumbnail\">\r\n\t\t\t\t\t\t\t\t\t\t<img loading=\"lazy\" decoding=\"async\" width=\"150\" height=\"150\" src=\"https:\/\/devreg.eu\/wp-content\/uploads\/2026\/04\/image-12-150x150.png\" class=\"attachment-thumbnail size-thumbnail wp-post-image\" alt=\"DEVREG Consultor\u00eda refuerza su compromiso con la regulaci\u00f3n segura de productos agr\u00edcolas\" itemprop=\"image\" \/>\r\n\t\t\t\t\t\t\t\t\t\t<span class=\"overlay\"><\/span>\r\n\t\t\t\t\t\t\t\t\t<\/a>\r\n\t\t\t\t\t\t\t\t\r\n\t\t\t\t\t\t\t\t<div class=\"recent-posts-details clr\">\r\n\r\n\t\t\t\t\t\t\t\t\t<div class=\"recent-posts-details-inner clr\">\r\n\r\n\t\t\t\t\t\t\t\t\t\t<a href=\"https:\/\/devreg.eu\/en\/devreg-consultoria-refuerza-su-compromiso-con-la-regulacion-segura-de-productos-agricolas\/\" class=\"recent-posts-title\">DEVREG Consultor\u00eda refuerza su compromiso con la regulaci\u00f3n segura de productos agr\u00edcolas<\/a>\r\n\r\n\t\t\t\t\t\t\t\t\t\t<div class=\"recent-posts-info clr\">\r\n\t\t\t\t\t\t\t\t\t\t\t<div class=\"recent-posts-date\">Thursday April 16th, 2026<span class=\"sep\">\/<\/span><\/div>\r\n\t\t\t\t\t\t\t\t\t\t\t<div class=\"recent-posts-comments\"><a href=\"https:\/\/devreg.eu\/en\/devreg-consultoria-refuerza-su-compromiso-con-la-regulacion-segura-de-productos-agricolas\/#respond\">0 Comments<\/a><\/div>\r\n\t\t\t\t\t\t\t\t\t\t<\/div>\r\n\r\n\t\t\t\t\t\t\t\t\t<\/div>\r\n\r\n\t\t\t\t\t\t\t\t<\/div>\r\n\r\n\t\t\t\t\t\t\t<\/li>\r\n\r\n\t\t\t\t\t\t\r\n\t\t\t\t\t\r\n\t\t\t\t<\/ul>\r\n\r\n\t\t\t\t\r\n\t\t\t\t\t\t\t<\/div>\n\t\t\t\t<\/div>\n\t\t\t\t<div class=\"elementor-element elementor-element-yqzirvm elementor-widget-divider--view-line elementor-widget elementor-widget-divider\" data-id=\"yqzirvm\" data-element_type=\"widget\" data-widget_type=\"divider.default\">\n\t\t\t\t<div class=\"elementor-widget-container\">\n\t\t\t\t\t\t\t<div class=\"elementor-divider\">\n\t\t\t<span class=\"elementor-divider-separator\">\n\t\t\t\t\t\t<\/span>\n\t\t<\/div>\n\t\t\t\t\t\t<\/div>\n\t\t\t\t<\/div>\n\t\t\t\t\t<\/div>\n\t\t<\/div>\n\t\t\t\t\t<\/div>\n\t\t<\/section>\n\t\t\t\t<section class=\"elementor-section elementor-top-section elementor-element elementor-element-60e3w3i elementor-section-full_width elementor-section-height-default elementor-section-height-default\" data-id=\"60e3w3i\" data-element_type=\"section\">\n\t\t\t\t\t\t<div class=\"elementor-container elementor-column-gap-default\">\n\t\t\t\t\t<div class=\"elementor-column elementor-col-100 elementor-top-column elementor-element elementor-element-9b1g2rt\" data-id=\"9b1g2rt\" data-element_type=\"column\">\n\t\t\t<div class=\"elementor-widget-wrap elementor-element-populated\">\n\t\t\t\t\t\t<div class=\"elementor-element elementor-element-tzdl3u2 elementor-align-center full-btn elementor-widget elementor-widget-button\" data-id=\"tzdl3u2\" data-element_type=\"widget\" data-widget_type=\"button.default\">\n\t\t\t\t<div class=\"elementor-widget-container\">\n\t\t\t\t\t\t\t\t\t<div class=\"elementor-button-wrapper\">\n\t\t\t\t\t<a class=\"elementor-button elementor-button-link elementor-size-sm\" href=\"https:\/\/devreg.eu\/blog\/\">\n\t\t\t\t\t\t<span class=\"elementor-button-content-wrapper\">\n\t\t\t\t\t\t\t\t\t<span class=\"elementor-button-text\">Visit our blog<\/span>\n\t\t\t\t\t<\/span>\n\t\t\t\t\t<\/a>\n\t\t\t\t<\/div>\n\t\t\t\t\t\t\t\t<\/div>\n\t\t\t\t<\/div>\n\t\t\t\t\t<\/div>\n\t\t<\/div>\n\t\t\t\t\t<\/div>\n\t\t<\/section>\n\t\t<div class=\"elementor-element elementor-element-2b06c2b e-flex e-con-boxed e-con e-parent\" data-id=\"2b06c2b\" data-element_type=\"container\">\n\t\t\t\t\t<div class=\"e-con-inner\">\n\t\t\t\t<div class=\"elementor-element elementor-element-c041e94 elementor-widget-divider--view-line elementor-widget elementor-widget-divider\" data-id=\"c041e94\" data-element_type=\"widget\" data-widget_type=\"divider.default\">\n\t\t\t\t<div class=\"elementor-widget-container\">\n\t\t\t\t\t\t\t<div class=\"elementor-divider\">\n\t\t\t<span class=\"elementor-divider-separator\">\n\t\t\t\t\t\t<\/span>\n\t\t<\/div>\n\t\t\t\t\t\t<\/div>\n\t\t\t\t<\/div>\n\t\t\t\t<div class=\"elementor-element elementor-element-e6d0299 elementor-widget elementor-widget-heading\" data-id=\"e6d0299\" data-element_type=\"widget\" data-widget_type=\"heading.default\">\n\t\t\t\t<div class=\"elementor-widget-container\">\n\t\t\t\t\t<h3 class=\"elementor-heading-title elementor-size-default\"><a href=\"https:\/\/devreg.eu\/es\/asesor-agricola-en-lleida\/\">Asesor agr\u00edcola en Lleida <\/a><\/h3>\t\t\t\t<\/div>\n\t\t\t\t<\/div>\n\t\t\t\t<div class=\"elementor-element elementor-element-d51e39d elementor-widget-divider--view-line elementor-widget elementor-widget-divider\" data-id=\"d51e39d\" data-element_type=\"widget\" data-widget_type=\"divider.default\">\n\t\t\t\t<div class=\"elementor-widget-container\">\n\t\t\t\t\t\t\t<div class=\"elementor-divider\">\n\t\t\t<span class=\"elementor-divider-separator\">\n\t\t\t\t\t\t<\/span>\n\t\t<\/div>\n\t\t\t\t\t\t<\/div>\n\t\t\t\t<\/div>\n\t\t\t\t\t<\/div>\n\t\t\t\t<\/div>\n\t\t\t\t<\/div>\n\t\t","protected":false},"excerpt":{"rendered":"<p>development and registration experts on agrochemicals and biocides more Field Trials Consultancy services and regulatory Affairs Data Gap Analisys News Visit our blog Asesor agr\u00edcola en Lleida<\/p>\n","protected":false},"author":1,"featured_media":0,"parent":0,"menu_order":0,"comment_status":"closed","ping_status":"closed","template":"","meta":{"ocean_post_layout":"full-screen","ocean_both_sidebars_style":"","ocean_both_sidebars_content_width":0,"ocean_both_sidebars_sidebars_width":0,"ocean_sidebar":"0","ocean_second_sidebar":"0","ocean_disable_margins":"on","ocean_add_body_class":"","ocean_shortcode_before_top_bar":"","ocean_shortcode_after_top_bar":"","ocean_shortcode_before_header":"","ocean_shortcode_after_header":"","ocean_has_shortcode":"","ocean_shortcode_after_title":"","ocean_shortcode_before_footer_widgets":"","ocean_shortcode_after_footer_widgets":"","ocean_shortcode_before_footer_bottom":"","ocean_shortcode_after_footer_bottom":"","ocean_display_top_bar":"default","ocean_display_header":"default","ocean_header_style":"","ocean_center_header_left_menu":"0","ocean_custom_header_template":"0","ocean_custom_logo":0,"ocean_custom_retina_logo":0,"ocean_custom_logo_max_width":0,"ocean_custom_logo_tablet_max_width":0,"ocean_custom_logo_mobile_max_width":0,"ocean_custom_logo_max_height":0,"ocean_custom_logo_tablet_max_height":0,"ocean_custom_logo_mobile_max_height":0,"ocean_header_custom_menu":"0","ocean_menu_typo_font_family":"0","ocean_menu_typo_font_subset":"","ocean_menu_typo_font_size":0,"ocean_menu_typo_font_size_tablet":0,"ocean_menu_typo_font_size_mobile":0,"ocean_menu_typo_font_size_unit":"px","ocean_menu_typo_font_weight":"","ocean_menu_typo_font_weight_tablet":"","ocean_menu_typo_font_weight_mobile":"","ocean_menu_typo_transform":"","ocean_menu_typo_transform_tablet":"","ocean_menu_typo_transform_mobile":"","ocean_menu_typo_line_height":0,"ocean_menu_typo_line_height_tablet":0,"ocean_menu_typo_line_height_mobile":0,"ocean_menu_typo_line_height_unit":"","ocean_menu_typo_spacing":0,"ocean_menu_typo_spacing_tablet":0,"ocean_menu_typo_spacing_mobile":0,"ocean_menu_typo_spacing_unit":"","ocean_menu_link_color":"","ocean_menu_link_color_hover":"","ocean_menu_link_color_active":"","ocean_menu_link_background":"","ocean_menu_link_hover_background":"","ocean_menu_link_active_background":"","ocean_menu_social_links_bg":"","ocean_menu_social_hover_links_bg":"","ocean_menu_social_links_color":"","ocean_menu_social_hover_links_color":"","ocean_disable_title":"on","ocean_disable_heading":"default","ocean_post_title":"","ocean_post_subheading":"","ocean_post_title_style":"","ocean_post_title_background_color":"","ocean_post_title_background":0,"ocean_post_title_bg_image_position":"","ocean_post_title_bg_image_attachment":"","ocean_post_title_bg_image_repeat":"","ocean_post_title_bg_image_size":"","ocean_post_title_height":0,"ocean_post_title_bg_overlay":0.5,"ocean_post_title_bg_overlay_color":"","ocean_disable_breadcrumbs":"default","ocean_breadcrumbs_color":"","ocean_breadcrumbs_separator_color":"","ocean_breadcrumbs_links_color":"","ocean_breadcrumbs_links_hover_color":"","ocean_display_footer_widgets":"default","ocean_display_footer_bottom":"default","ocean_custom_footer_template":"0","footnotes":""},"class_list":["post-171","page","type-page","status-publish","hentry","entry","has-media"],"_links":{"self":[{"href":"https:\/\/devreg.eu\/en\/wp-json\/wp\/v2\/pages\/171","targetHints":{"allow":["GET"]}}],"collection":[{"href":"https:\/\/devreg.eu\/en\/wp-json\/wp\/v2\/pages"}],"about":[{"href":"https:\/\/devreg.eu\/en\/wp-json\/wp\/v2\/types\/page"}],"author":[{"embeddable":true,"href":"https:\/\/devreg.eu\/en\/wp-json\/wp\/v2\/users\/1"}],"replies":[{"embeddable":true,"href":"https:\/\/devreg.eu\/en\/wp-json\/wp\/v2\/comments?post=171"}],"version-history":[{"count":107,"href":"https:\/\/devreg.eu\/en\/wp-json\/wp\/v2\/pages\/171\/revisions"}],"predecessor-version":[{"id":1674,"href":"https:\/\/devreg.eu\/en\/wp-json\/wp\/v2\/pages\/171\/revisions\/1674"}],"wp:attachment":[{"href":"https:\/\/devreg.eu\/en\/wp-json\/wp\/v2\/media?parent=171"}],"curies":[{"name":"wp","href":"https:\/\/api.w.org\/{rel}","templated":true}]}}